{"id":1479,"date":"2021-01-20T13:52:27","date_gmt":"2021-01-20T12:52:27","guid":{"rendered":"http:\/\/littlebeauxarts.fr\/?page_id=1479"},"modified":"2023-10-19T10:58:41","modified_gmt":"2023-10-19T08:58:41","slug":"carnet-de-visite-livret-de-jeux","status":"publish","type":"page","link":"http:\/\/littlebeauxarts.fr\/?page_id=1479","title":{"rendered":"Carnet de visite &#8211; Livrets jeux"},"content":{"rendered":"\n<h2 class=\"wp-block-heading\"><span style=\"background-color:rgba(0, 0, 0, 0);color:#c23751\" class=\"has-inline-color\">CARNET DE VISITE \/ LIVRETS DE JEUX<\/span><\/h2>\n\n\n\n<div class=\"wp-block-columns is-layout-flex wp-container-core-columns-is-layout-9d6595d7 wp-block-columns-is-layout-flex\">\n<div class=\"wp-block-column is-layout-flow wp-block-column-is-layout-flow\" style=\"flex-basis:33.33%\"><div class=\"wp-block-image\">\n<figure class=\"alignright size-large is-resized\"><img loading=\"lazy\" decoding=\"async\" width=\"960\" height=\"960\" src=\"http:\/\/littlebeauxarts.fr\/wp-content\/uploads\/2021\/01\/Livrets-Jeux-Little-Beaux-Arts-Lyon.jpg\" alt=\"Prestations - Carnet de visite et livrets jeux - Little Beaux Arts - Lyon \" class=\"wp-image-1444\" style=\"width:272px;height:272px\" srcset=\"http:\/\/littlebeauxarts.fr\/wp-content\/uploads\/2021\/01\/Livrets-Jeux-Little-Beaux-Arts-Lyon.jpg 960w, http:\/\/littlebeauxarts.fr\/wp-content\/uploads\/2021\/01\/Livrets-Jeux-Little-Beaux-Arts-Lyon-300x300.jpg 300w, http:\/\/littlebeauxarts.fr\/wp-content\/uploads\/2021\/01\/Livrets-Jeux-Little-Beaux-Arts-Lyon-150x150.jpg 150w, http:\/\/littlebeauxarts.fr\/wp-content\/uploads\/2021\/01\/Livrets-Jeux-Little-Beaux-Arts-Lyon-768x768.jpg 768w, http:\/\/littlebeauxarts.fr\/wp-content\/uploads\/2021\/01\/Livrets-Jeux-Little-Beaux-Arts-Lyon-75x75.jpg 75w, http:\/\/littlebeauxarts.fr\/wp-content\/uploads\/2021\/01\/Livrets-Jeux-Little-Beaux-Arts-Lyon-24x24.jpg 24w, http:\/\/littlebeauxarts.fr\/wp-content\/uploads\/2021\/01\/Livrets-Jeux-Little-Beaux-Arts-Lyon-36x36.jpg 36w, http:\/\/littlebeauxarts.fr\/wp-content\/uploads\/2021\/01\/Livrets-Jeux-Little-Beaux-Arts-Lyon-48x48.jpg 48w\" sizes=\"auto, (max-width: 960px) 100vw, 960px\" \/><\/figure>\n<\/div>\n\n<div class=\"wp-block-image\">\n<figure class=\"alignright size-large is-resized\"><img loading=\"lazy\" decoding=\"async\" width=\"1024\" height=\"683\" src=\"http:\/\/littlebeauxarts.fr\/wp-content\/uploads\/2021\/01\/livretjeuxetpuzzles\u00a9luckysophie-1024x683.jpg\" alt=\"Prestations - Carnet de visite et livrets jeux - Little Beaux Arts - Lyon 2\" class=\"wp-image-1797\" style=\"width:272px;height:272px\" srcset=\"http:\/\/littlebeauxarts.fr\/wp-content\/uploads\/2021\/01\/livretjeuxetpuzzles\u00a9luckysophie-1024x683.jpg 1024w, http:\/\/littlebeauxarts.fr\/wp-content\/uploads\/2021\/01\/livretjeuxetpuzzles\u00a9luckysophie-300x200.jpg 300w, http:\/\/littlebeauxarts.fr\/wp-content\/uploads\/2021\/01\/livretjeuxetpuzzles\u00a9luckysophie-768x512.jpg 768w, http:\/\/littlebeauxarts.fr\/wp-content\/uploads\/2021\/01\/livretjeuxetpuzzles\u00a9luckysophie-1536x1024.jpg 1536w, http:\/\/littlebeauxarts.fr\/wp-content\/uploads\/2021\/01\/livretjeuxetpuzzles\u00a9luckysophie-2048x1365.jpg 2048w, http:\/\/littlebeauxarts.fr\/wp-content\/uploads\/2021\/01\/livretjeuxetpuzzles\u00a9luckysophie-1160x773.jpg 1160w\" sizes=\"auto, (max-width: 1024px) 100vw, 1024px\" \/><\/figure>\n<\/div><\/div>\n\n\n\n<div class=\"wp-block-column is-layout-flow wp-block-column-is-layout-flow\" style=\"flex-basis:66.66%\">\n<p><br>Un outils simple et efficace pour mettre la visite de vos expositions \u00e0 hauteur d&#8217;enfants.<\/p>\n\n\n\n<p>Propos\u00e9 selon plusieurs niveaux d&#8217;\u00e2ge (3-6 ans ou 6-12 ans).<\/p>\n\n\n\n<p>Conception \u00e9ditoriale et graphique adapt\u00e9e \u00e0 la sc\u00e9nographie et \u00e0 l&#8217;identit\u00e9 graphique de l&#8217;exposition.<\/p>\n\n\n\n<p><br>R\u00e9alisations :<\/p>\n\n\n\n<p>* Exposition de photos <em>Le Monde de Steve Mc Curry : <\/em>Carnet de route des petits reporter (3-6 ans) \/ des grands reporters (6-12 ans) (2019)<\/p>\n\n\n\n<p><em>*<\/em> Exposition immersive <em>Imagine Picasso : <\/em>Livret-jeux des petits artistes (3-6 ans) \/ des grands artistes (6-12 ans) (2019)<\/p>\n\n\n\n<p><em>*<\/em> Exposition <em>Hyperrealism Sculpture &#8211; Ceci n&#8217;est pas un Corps : <\/em>Livret-jeux <em>Ceci est un livret-jeux pour toi! <\/em>en fran\u00e7ais et n\u00e9erlandais (2019)<\/p>\n\n\n\n<p>* Exposition<em> Genesis -Sebasti\u00e3o Salgado : <\/em>Livret-jeux pour les petits amoureux de la plan\u00e8te (3-6 ans) \/ pour les grands amoureux de la plan\u00e8te (6-12 ans) (2020)<\/p>\n\n\n\n<p>* Exposition <em>Warhol &#8211; The American Dream Factory<\/em> : <a href=\"http:\/\/littlebeauxarts.fr\/?p=1164\">Jeux de piste (6-12 ans) <\/a>en fran\u00e7ais et n\u00e9erlandais (2020)<\/p>\n\n\n\n<p>* Exposition <em>Saint Exup\u00e9ry &#8211; Un Petit Prince parmi les Hommes :<\/em> <a href=\"http:\/\/littlebeauxarts.fr\/?p=1268\">Carnet de vol (2020-21)<\/a><\/p>\n\n\n\n<p>* Exposition <em>Toutankhamon, \u00e0 la d\u00e9couverte du Pharaon oubli\u00e9 : <\/em><a href=\"http:\/\/littlebeauxarts.fr\/?p=3232\">Carnet de fouilles <\/a>pour se mettre dans le peau de l&#8217;arch\u00e9ologue (2022-2023)<\/p>\n\n\n\n<p>* Exposition <em>Elliott Erwitt &#8211; R\u00e9trospective<\/em> : <a href=\"http:\/\/littlebeauxarts.fr\/?p=3290\">Jeu de piste<\/a> 6-12 ans (2023-2024)<\/p>\n<\/div>\n<\/div>\n\n\n\n<div class=\"wp-block-columns is-layout-flex wp-container-core-columns-is-layout-9d6595d7 wp-block-columns-is-layout-flex\">\n<div class=\"wp-block-column is-layout-flow wp-block-column-is-layout-flow\"><div class=\"wp-block-image\">\n<figure class=\"alignright size-medium is-resized\"><img loading=\"lazy\" decoding=\"async\" width=\"300\" height=\"280\" src=\"http:\/\/littlebeauxarts.fr\/wp-content\/uploads\/2021\/01\/IMG_6722-300x280.jpg\" alt=\"Prestations - Carnet de visite et livrets jeux - Little Beaux Arts - Lyon 3\" class=\"wp-image-1718\" style=\"width:272px;height:272px\" srcset=\"http:\/\/littlebeauxarts.fr\/wp-content\/uploads\/2021\/01\/IMG_6722-300x280.jpg 300w, http:\/\/littlebeauxarts.fr\/wp-content\/uploads\/2021\/01\/IMG_6722-1024x954.jpg 1024w, http:\/\/littlebeauxarts.fr\/wp-content\/uploads\/2021\/01\/IMG_6722-768x716.jpg 768w, http:\/\/littlebeauxarts.fr\/wp-content\/uploads\/2021\/01\/IMG_6722-1160x1081.jpg 1160w, http:\/\/littlebeauxarts.fr\/wp-content\/uploads\/2021\/01\/IMG_6722.jpg 1512w\" sizes=\"auto, (max-width: 300px) 100vw, 300px\" \/><\/figure>\n<\/div><\/div>\n\n\n\n<div class=\"wp-block-column is-layout-flow wp-block-column-is-layout-flow\"><div class=\"wp-block-image\">\n<figure class=\"aligncenter size-medium is-resized\"><img loading=\"lazy\" decoding=\"async\" width=\"300\" height=\"257\" src=\"http:\/\/littlebeauxarts.fr\/wp-content\/uploads\/2021\/01\/Y9A3010\u00a9Maude-Roudier-300x257.jpg\" alt=\"Prestations - Carnet de visite et livrets jeux - Little Beaux Arts - Lyon 4\" class=\"wp-image-1719\" style=\"width:272px;height:272px\" srcset=\"http:\/\/littlebeauxarts.fr\/wp-content\/uploads\/2021\/01\/Y9A3010\u00a9Maude-Roudier-300x257.jpg 300w, http:\/\/littlebeauxarts.fr\/wp-content\/uploads\/2021\/01\/Y9A3010\u00a9Maude-Roudier-1024x878.jpg 1024w, http:\/\/littlebeauxarts.fr\/wp-content\/uploads\/2021\/01\/Y9A3010\u00a9Maude-Roudier-768x658.jpg 768w, http:\/\/littlebeauxarts.fr\/wp-content\/uploads\/2021\/01\/Y9A3010\u00a9Maude-Roudier-1536x1316.jpg 1536w, http:\/\/littlebeauxarts.fr\/wp-content\/uploads\/2021\/01\/Y9A3010\u00a9Maude-Roudier-2048x1755.jpg 2048w, http:\/\/littlebeauxarts.fr\/wp-content\/uploads\/2021\/01\/Y9A3010\u00a9Maude-Roudier-1160x994.jpg 1160w\" sizes=\"auto, (max-width: 300px) 100vw, 300px\" \/><\/figure>\n<\/div><\/div>\n\n\n\n<div class=\"wp-block-column is-layout-flow wp-block-column-is-layout-flow\"><div class=\"wp-block-image\">\n<figure class=\"alignleft size-large\"><img loading=\"lazy\" decoding=\"async\" width=\"272\" height=\"272\" src=\"http:\/\/littlebeauxarts.fr\/wp-content\/uploads\/IMG_6746-bis-web.jpg\" alt=\"\" class=\"wp-image-2473\" srcset=\"http:\/\/littlebeauxarts.fr\/wp-content\/uploads\/IMG_6746-bis-web.jpg 272w, http:\/\/littlebeauxarts.fr\/wp-content\/uploads\/IMG_6746-bis-web-150x150.jpg 150w, http:\/\/littlebeauxarts.fr\/wp-content\/uploads\/IMG_6746-bis-web-75x75.jpg 75w\" sizes=\"auto, (max-width: 272px) 100vw, 272px\" \/><\/figure>\n<\/div><\/div>\n<\/div>\n\n\n\n<p><a href=\"http:\/\/littlebeauxarts.fr\/?page_id=1441\">Retour aux prestations<\/a><\/p>\n","protected":false},"excerpt":{"rendered":"<p>CARNET DE VISITE \/ LIVRETS DE JEUX Un outils simple et efficace pour mettre la visite de vos expositions \u00e0 hauteur d&#8217;enfants. Propos\u00e9 selon plusieurs niveaux d&#8217;\u00e2ge (3-6 ans ou 6-12 ans). Conception \u00e9ditoriale et graphique adapt\u00e9e \u00e0 la sc\u00e9nographie et \u00e0 l&#8217;identit\u00e9 graphique de l&#8217;exposition. R\u00e9alisations : * Exposition de photos Le Monde de Steve Mc Curry : Carnet de route des petits reporter (3-6 ans) \/ des grands reporters (6-12 ans) (2019) * Exposition immersive Imagine Picasso : Livret-jeux des petits artistes (3-6 ans) \/ des grands artistes (6-12 ans) (2019) * Exposition Hyperrealism Sculpture &#8211; Ceci n&#8217;est pas un Corps : Livret-jeux Ceci est un livret-jeux pour toi! en fran\u00e7ais et n\u00e9erlandais (2019) * Exposition Genesis -Sebasti\u00e3o Salgado : Livret-jeux pour les petits amoureux de la plan\u00e8te (3-6 ans) \/ pour les grands amoureux de la plan\u00e8te (6-12 ans) (2020) * Exposition Warhol &#8211; The American Dream Factory : Jeux de piste (6-12 ans) en fran\u00e7ais et n\u00e9erlandais (2020) * Exposition Saint Exup\u00e9ry &#8211; Un Petit Prince parmi les Hommes : Carnet de vol (2020-21) * Exposition Toutankhamon, \u00e0 la d\u00e9couverte du Pharaon oubli\u00e9 : Carnet de fouilles pour se mettre dans le peau de l&#8217;arch\u00e9ologue (2022-2023) * Exposition Elliott Erwitt &#8211; R\u00e9trospective : Jeu de piste 6-12 ans (2023-2024) Retour aux prestations<\/p>\n","protected":false},"author":1,"featured_media":0,"parent":1441,"menu_order":0,"comment_status":"closed","ping_status":"closed","template":"","meta":{"footnotes":""},"class_list":["post-1479","page","type-page","status-publish","hentry"],"yoast_head":"<!-- This site is optimized with the Yoast SEO plugin v27.4 - https:\/\/yoast.com\/product\/yoast-seo-wordpress\/ -->\n<title>Carnet de visite - Livrets jeux - LITTLE BEAUX ARTS<\/title>\n<meta name=\"description\" content=\"Little Beaux-Arts propose de cr\u00e9er des livrets-jeux afin de rendre vos expositions accessible pour les enfants en respectant votre identit\u00e9 graphique. Carnet de route, jeux de piste.\" \/>\n<meta name=\"robots\" content=\"index, follow, max-snippet:-1, max-image-preview:large, max-video-preview:-1\" \/>\n<link rel=\"canonical\" href=\"http:\/\/littlebeauxarts.fr\/?page_id=1479\" \/>\n<meta property=\"og:locale\" content=\"fr_FR\" \/>\n<meta property=\"og:type\" content=\"article\" \/>\n<meta property=\"og:title\" content=\"Carnet de visite - Livrets jeux - LITTLE BEAUX ARTS\" \/>\n<meta property=\"og:description\" content=\"Little Beaux-Arts propose de cr\u00e9er des livrets-jeux afin de rendre vos expositions accessible pour les enfants en respectant votre identit\u00e9 graphique. Carnet de route, jeux de piste.\" \/>\n<meta property=\"og:url\" content=\"http:\/\/littlebeauxarts.fr\/?page_id=1479\" \/>\n<meta property=\"og:site_name\" content=\"LITTLE BEAUX ARTS\" \/>\n<meta property=\"article:publisher\" content=\"https:\/\/www.facebook.com\/littlebeauxarts\/\" \/>\n<meta property=\"article:modified_time\" content=\"2023-10-19T08:58:41+00:00\" \/>\n<meta property=\"og:image\" content=\"http:\/\/littlebeauxarts.fr\/wp-content\/uploads\/2021\/01\/Livrets-Jeux-Little-Beaux-Arts-Lyon.jpg\" \/>\n<meta name=\"twitter:card\" content=\"summary_large_image\" \/>\n<meta name=\"twitter:label1\" content=\"Dur\u00e9e de lecture estim\u00e9e\" \/>\n\t<meta name=\"twitter:data1\" content=\"3 minutes\" \/>\n<script type=\"application\/ld+json\" class=\"yoast-schema-graph\">{\"@context\":\"https:\\\/\\\/schema.org\",\"@graph\":[{\"@type\":\"WebPage\",\"@id\":\"http:\\\/\\\/littlebeauxarts.fr\\\/?page_id=1479\",\"url\":\"http:\\\/\\\/littlebeauxarts.fr\\\/?page_id=1479\",\"name\":\"Carnet de visite - Livrets jeux - LITTLE BEAUX ARTS\",\"isPartOf\":{\"@id\":\"http:\\\/\\\/littlebeauxarts.fr\\\/#website\"},\"primaryImageOfPage\":{\"@id\":\"http:\\\/\\\/littlebeauxarts.fr\\\/?page_id=1479#primaryimage\"},\"image\":{\"@id\":\"http:\\\/\\\/littlebeauxarts.fr\\\/?page_id=1479#primaryimage\"},\"thumbnailUrl\":\"http:\\\/\\\/littlebeauxarts.fr\\\/wp-content\\\/uploads\\\/2021\\\/01\\\/Livrets-Jeux-Little-Beaux-Arts-Lyon.jpg\",\"datePublished\":\"2021-01-20T12:52:27+00:00\",\"dateModified\":\"2023-10-19T08:58:41+00:00\",\"description\":\"Little Beaux-Arts propose de cr\u00e9er des livrets-jeux afin de rendre vos expositions accessible pour les enfants en respectant votre identit\u00e9 graphique. Carnet de route, jeux de piste.\",\"breadcrumb\":{\"@id\":\"http:\\\/\\\/littlebeauxarts.fr\\\/?page_id=1479#breadcrumb\"},\"inLanguage\":\"fr-FR\",\"potentialAction\":[{\"@type\":\"ReadAction\",\"target\":[\"http:\\\/\\\/littlebeauxarts.fr\\\/?page_id=1479\"]}]},{\"@type\":\"ImageObject\",\"inLanguage\":\"fr-FR\",\"@id\":\"http:\\\/\\\/littlebeauxarts.fr\\\/?page_id=1479#primaryimage\",\"url\":\"http:\\\/\\\/littlebeauxarts.fr\\\/wp-content\\\/uploads\\\/2021\\\/01\\\/Livrets-Jeux-Little-Beaux-Arts-Lyon.jpg\",\"contentUrl\":\"http:\\\/\\\/littlebeauxarts.fr\\\/wp-content\\\/uploads\\\/2021\\\/01\\\/Livrets-Jeux-Little-Beaux-Arts-Lyon.jpg\",\"width\":960,\"height\":960,\"caption\":\"Little Beaux Arts Lyon\"},{\"@type\":\"BreadcrumbList\",\"@id\":\"http:\\\/\\\/littlebeauxarts.fr\\\/?page_id=1479#breadcrumb\",\"itemListElement\":[{\"@type\":\"ListItem\",\"position\":1,\"name\":\"Accueil\",\"item\":\"http:\\\/\\\/littlebeauxarts.fr\\\/\"},{\"@type\":\"ListItem\",\"position\":2,\"name\":\"Prestations\",\"item\":\"http:\\\/\\\/littlebeauxarts.fr\\\/?page_id=1441\"},{\"@type\":\"ListItem\",\"position\":3,\"name\":\"Carnet de visite &#8211; Livrets jeux\"}]},{\"@type\":\"WebSite\",\"@id\":\"http:\\\/\\\/littlebeauxarts.fr\\\/#website\",\"url\":\"http:\\\/\\\/littlebeauxarts.fr\\\/\",\"name\":\"LITTLE BEAUX ARTS\",\"description\":\"D\u00e9couvrir l\u2019art et le monde des mus\u00e9es en s\u2019amusant et en cr\u00e9ant \u00e0 tous les \u00e2ges\",\"publisher\":{\"@id\":\"http:\\\/\\\/littlebeauxarts.fr\\\/#organization\"},\"potentialAction\":[{\"@type\":\"SearchAction\",\"target\":{\"@type\":\"EntryPoint\",\"urlTemplate\":\"http:\\\/\\\/littlebeauxarts.fr\\\/?s={search_term_string}\"},\"query-input\":{\"@type\":\"PropertyValueSpecification\",\"valueRequired\":true,\"valueName\":\"search_term_string\"}}],\"inLanguage\":\"fr-FR\"},{\"@type\":\"Organization\",\"@id\":\"http:\\\/\\\/littlebeauxarts.fr\\\/#organization\",\"name\":\"Little Beaux-Arts\",\"url\":\"http:\\\/\\\/littlebeauxarts.fr\\\/\",\"logo\":{\"@type\":\"ImageObject\",\"inLanguage\":\"fr-FR\",\"@id\":\"http:\\\/\\\/littlebeauxarts.fr\\\/#\\\/schema\\\/logo\\\/image\\\/\",\"url\":\"\",\"contentUrl\":\"\",\"caption\":\"Little Beaux-Arts\"},\"image\":{\"@id\":\"http:\\\/\\\/littlebeauxarts.fr\\\/#\\\/schema\\\/logo\\\/image\\\/\"},\"sameAs\":[\"https:\\\/\\\/www.facebook.com\\\/littlebeauxarts\\\/\",\"https:\\\/\\\/www.instagram.com\\\/littlebeauxarts\\\/\"]}]}<\/script>\n<!-- \/ Yoast SEO plugin. -->","yoast_head_json":{"title":"Carnet de visite - Livrets jeux - LITTLE BEAUX ARTS","description":"Little Beaux-Arts propose de cr\u00e9er des livrets-jeux afin de rendre vos expositions accessible pour les enfants en respectant votre identit\u00e9 graphique. Carnet de route, jeux de piste.","robots":{"index":"index","follow":"follow","max-snippet":"max-snippet:-1","max-image-preview":"max-image-preview:large","max-video-preview":"max-video-preview:-1"},"canonical":"http:\/\/littlebeauxarts.fr\/?page_id=1479","og_locale":"fr_FR","og_type":"article","og_title":"Carnet de visite - Livrets jeux - LITTLE BEAUX ARTS","og_description":"Little Beaux-Arts propose de cr\u00e9er des livrets-jeux afin de rendre vos expositions accessible pour les enfants en respectant votre identit\u00e9 graphique. Carnet de route, jeux de piste.","og_url":"http:\/\/littlebeauxarts.fr\/?page_id=1479","og_site_name":"LITTLE BEAUX ARTS","article_publisher":"https:\/\/www.facebook.com\/littlebeauxarts\/","article_modified_time":"2023-10-19T08:58:41+00:00","og_image":[{"url":"http:\/\/littlebeauxarts.fr\/wp-content\/uploads\/2021\/01\/Livrets-Jeux-Little-Beaux-Arts-Lyon.jpg","type":"","width":"","height":""}],"twitter_card":"summary_large_image","twitter_misc":{"Dur\u00e9e de lecture estim\u00e9e":"3 minutes"},"schema":{"@context":"https:\/\/schema.org","@graph":[{"@type":"WebPage","@id":"http:\/\/littlebeauxarts.fr\/?page_id=1479","url":"http:\/\/littlebeauxarts.fr\/?page_id=1479","name":"Carnet de visite - Livrets jeux - LITTLE BEAUX ARTS","isPartOf":{"@id":"http:\/\/littlebeauxarts.fr\/#website"},"primaryImageOfPage":{"@id":"http:\/\/littlebeauxarts.fr\/?page_id=1479#primaryimage"},"image":{"@id":"http:\/\/littlebeauxarts.fr\/?page_id=1479#primaryimage"},"thumbnailUrl":"http:\/\/littlebeauxarts.fr\/wp-content\/uploads\/2021\/01\/Livrets-Jeux-Little-Beaux-Arts-Lyon.jpg","datePublished":"2021-01-20T12:52:27+00:00","dateModified":"2023-10-19T08:58:41+00:00","description":"Little Beaux-Arts propose de cr\u00e9er des livrets-jeux afin de rendre vos expositions accessible pour les enfants en respectant votre identit\u00e9 graphique. Carnet de route, jeux de piste.","breadcrumb":{"@id":"http:\/\/littlebeauxarts.fr\/?page_id=1479#breadcrumb"},"inLanguage":"fr-FR","potentialAction":[{"@type":"ReadAction","target":["http:\/\/littlebeauxarts.fr\/?page_id=1479"]}]},{"@type":"ImageObject","inLanguage":"fr-FR","@id":"http:\/\/littlebeauxarts.fr\/?page_id=1479#primaryimage","url":"http:\/\/littlebeauxarts.fr\/wp-content\/uploads\/2021\/01\/Livrets-Jeux-Little-Beaux-Arts-Lyon.jpg","contentUrl":"http:\/\/littlebeauxarts.fr\/wp-content\/uploads\/2021\/01\/Livrets-Jeux-Little-Beaux-Arts-Lyon.jpg","width":960,"height":960,"caption":"Little Beaux Arts Lyon"},{"@type":"BreadcrumbList","@id":"http:\/\/littlebeauxarts.fr\/?page_id=1479#breadcrumb","itemListElement":[{"@type":"ListItem","position":1,"name":"Accueil","item":"http:\/\/littlebeauxarts.fr\/"},{"@type":"ListItem","position":2,"name":"Prestations","item":"http:\/\/littlebeauxarts.fr\/?page_id=1441"},{"@type":"ListItem","position":3,"name":"Carnet de visite &#8211; Livrets jeux"}]},{"@type":"WebSite","@id":"http:\/\/littlebeauxarts.fr\/#website","url":"http:\/\/littlebeauxarts.fr\/","name":"LITTLE BEAUX ARTS","description":"D\u00e9couvrir l\u2019art et le monde des mus\u00e9es en s\u2019amusant et en cr\u00e9ant \u00e0 tous les \u00e2ges","publisher":{"@id":"http:\/\/littlebeauxarts.fr\/#organization"},"potentialAction":[{"@type":"SearchAction","target":{"@type":"EntryPoint","urlTemplate":"http:\/\/littlebeauxarts.fr\/?s={search_term_string}"},"query-input":{"@type":"PropertyValueSpecification","valueRequired":true,"valueName":"search_term_string"}}],"inLanguage":"fr-FR"},{"@type":"Organization","@id":"http:\/\/littlebeauxarts.fr\/#organization","name":"Little Beaux-Arts","url":"http:\/\/littlebeauxarts.fr\/","logo":{"@type":"ImageObject","inLanguage":"fr-FR","@id":"http:\/\/littlebeauxarts.fr\/#\/schema\/logo\/image\/","url":"","contentUrl":"","caption":"Little Beaux-Arts"},"image":{"@id":"http:\/\/littlebeauxarts.fr\/#\/schema\/logo\/image\/"},"sameAs":["https:\/\/www.facebook.com\/littlebeauxarts\/","https:\/\/www.instagram.com\/littlebeauxarts\/"]}]}},"_links":{"self":[{"href":"http:\/\/littlebeauxarts.fr\/index.php?rest_route=\/wp\/v2\/pages\/1479","targetHints":{"allow":["GET"]}}],"collection":[{"href":"http:\/\/littlebeauxarts.fr\/index.php?rest_route=\/wp\/v2\/pages"}],"about":[{"href":"http:\/\/littlebeauxarts.fr\/index.php?rest_route=\/wp\/v2\/types\/page"}],"author":[{"embeddable":true,"href":"http:\/\/littlebeauxarts.fr\/index.php?rest_route=\/wp\/v2\/users\/1"}],"replies":[{"embeddable":true,"href":"http:\/\/littlebeauxarts.fr\/index.php?rest_route=%2Fwp%2Fv2%2Fcomments&post=1479"}],"version-history":[{"count":6,"href":"http:\/\/littlebeauxarts.fr\/index.php?rest_route=\/wp\/v2\/pages\/1479\/revisions"}],"predecessor-version":[{"id":3309,"href":"http:\/\/littlebeauxarts.fr\/index.php?rest_route=\/wp\/v2\/pages\/1479\/revisions\/3309"}],"up":[{"embeddable":true,"href":"http:\/\/littlebeauxarts.fr\/index.php?rest_route=\/wp\/v2\/pages\/1441"}],"wp:attachment":[{"href":"http:\/\/littlebeauxarts.fr\/index.php?rest_route=%2Fwp%2Fv2%2Fmedia&parent=1479"}],"curies":[{"name":"wp","href":"https:\/\/api.w.org\/{rel}","templated":true}]}}