{"id":1525,"date":"2021-01-20T14:11:06","date_gmt":"2021-01-20T13:11:06","guid":{"rendered":"http:\/\/littlebeauxarts.fr\/?page_id=1525"},"modified":"2021-06-01T16:17:02","modified_gmt":"2021-06-01T14:17:02","slug":"dossiers-pedagogiques","status":"publish","type":"page","link":"http:\/\/littlebeauxarts.fr\/?page_id=1525","title":{"rendered":"Dossiers p\u00e9dagogiques"},"content":{"rendered":"\n<h2 class=\"wp-block-heading\"><span style=\"color:#c23751\" class=\"has-inline-color\">DOSSIERS P\u00c9DAGOGIQUES<\/span><\/h2>\n\n\n\n<div class=\"wp-block-media-text alignwide is-stacked-on-mobile\" style=\"grid-template-columns:20% auto\"><figure class=\"wp-block-media-text__media\"><img loading=\"lazy\" decoding=\"async\" width=\"493\" height=\"576\" src=\"http:\/\/littlebeauxarts.fr\/wp-content\/uploads\/2021\/01\/dossier-pe\u0301dagogique-little-beaux-arts-lyon.jpeg\" alt=\"Prestations - Dossiers p\u00e9dagogiques - Little Beaux Arts - Lyon \" class=\"wp-image-1526 size-full\" srcset=\"http:\/\/littlebeauxarts.fr\/wp-content\/uploads\/2021\/01\/dossier-pe\u0301dagogique-little-beaux-arts-lyon.jpeg 493w, http:\/\/littlebeauxarts.fr\/wp-content\/uploads\/2021\/01\/dossier-pe\u0301dagogique-little-beaux-arts-lyon-257x300.jpeg 257w, http:\/\/littlebeauxarts.fr\/wp-content\/uploads\/2021\/01\/dossier-pe\u0301dagogique-little-beaux-arts-lyon-21x24.jpeg 21w, http:\/\/littlebeauxarts.fr\/wp-content\/uploads\/2021\/01\/dossier-pe\u0301dagogique-little-beaux-arts-lyon-31x36.jpeg 31w, http:\/\/littlebeauxarts.fr\/wp-content\/uploads\/2021\/01\/dossier-pe\u0301dagogique-little-beaux-arts-lyon-41x48.jpeg 41w\" sizes=\"auto, (max-width: 493px) 100vw, 493px\" \/><\/figure><div class=\"wp-block-media-text__content\">\n<p>Destin\u00e9 aux enseignants pour pr\u00e9parer la visite de leur classe, le dossier p\u00e9dagogique pr\u00e9sente l&#8217;exposition, son contenu des pistes p\u00e9dagogiques et id\u00e9es d&#8217;ateliers \u00e0 faire en classe. Sa conception et sa r\u00e9daction peut nous \u00eatre confi\u00e9e.<\/p>\n\n\n\n<p>Dossiers p\u00e9dagogiques r\u00e9alis\u00e9s :<\/p>\n\n\n\n<p>* Expositions <em>One, Two, Street Art !, <\/em>2 \u00e9ditions<em> <\/em>\u00e0 Lyon et \u00e0 Gen\u00e8ve<\/p>\n\n\n\n<p><em>*<\/em> Exposition immersive <em>Imagine Picasso, <\/em>la Sucri\u00e8re Lyon<\/p>\n\n\n\n<p>* Exposition<em> Genesis -Sebasti\u00e3o Salgado, <\/em>la Sucri\u00e8re Lyon<\/p>\n<\/div><\/div>\n\n\n\n<div style=\"height:30px\" aria-hidden=\"true\" class=\"wp-block-spacer\"><\/div>\n\n\n\n<p><a href=\"http:\/\/littlebeauxarts.fr\/?page_id=1441\">Retour aux prestations<\/a><\/p>\n","protected":false},"excerpt":{"rendered":"<p>DOSSIERS P\u00c9DAGOGIQUES Destin\u00e9 aux enseignants pour pr\u00e9parer la visite de leur classe, le dossier p\u00e9dagogique pr\u00e9sente l&#8217;exposition, son contenu des pistes p\u00e9dagogiques et id\u00e9es d&#8217;ateliers \u00e0 faire en classe. Sa conception et sa r\u00e9daction peut nous \u00eatre confi\u00e9e. Dossiers p\u00e9dagogiques r\u00e9alis\u00e9s : * Expositions One, Two, Street Art !, 2 \u00e9ditions \u00e0 Lyon et \u00e0 Gen\u00e8ve * Exposition immersive Imagine Picasso, la Sucri\u00e8re Lyon * Exposition Genesis -Sebasti\u00e3o Salgado, la Sucri\u00e8re Lyon Retour aux prestations<\/p>\n","protected":false},"author":1,"featured_media":0,"parent":1441,"menu_order":0,"comment_status":"closed","ping_status":"closed","template":"","meta":{"footnotes":""},"class_list":["post-1525","page","type-page","status-publish","hentry"],"yoast_head":"<!-- This site is optimized with the Yoast SEO plugin v27.4 - https:\/\/yoast.com\/product\/yoast-seo-wordpress\/ -->\n<title>Dossiers p\u00e9dagogiques - LITTLE BEAUX ARTS<\/title>\n<meta name=\"description\" content=\"Little Beaux-Arts se propose de concevoir et de r\u00e9diger les dossiers p\u00e9dagogiques de vos expositions d\u00e9di\u00e9s aux enseignants.\" \/>\n<meta name=\"robots\" content=\"index, follow, max-snippet:-1, max-image-preview:large, max-video-preview:-1\" \/>\n<link rel=\"canonical\" href=\"http:\/\/littlebeauxarts.fr\/?page_id=1525\" \/>\n<meta property=\"og:locale\" content=\"fr_FR\" \/>\n<meta property=\"og:type\" content=\"article\" \/>\n<meta property=\"og:title\" content=\"Dossiers p\u00e9dagogiques - LITTLE BEAUX ARTS\" \/>\n<meta property=\"og:description\" content=\"Little Beaux-Arts se propose de concevoir et de r\u00e9diger les dossiers p\u00e9dagogiques de vos expositions d\u00e9di\u00e9s aux enseignants.\" \/>\n<meta property=\"og:url\" content=\"http:\/\/littlebeauxarts.fr\/?page_id=1525\" \/>\n<meta property=\"og:site_name\" content=\"LITTLE BEAUX ARTS\" \/>\n<meta property=\"article:publisher\" content=\"https:\/\/www.facebook.com\/littlebeauxarts\/\" \/>\n<meta property=\"article:modified_time\" content=\"2021-06-01T14:17:02+00:00\" \/>\n<meta name=\"twitter:card\" content=\"summary_large_image\" \/>\n<meta name=\"twitter:label1\" content=\"Dur\u00e9e de lecture estim\u00e9e\" \/>\n\t<meta name=\"twitter:data1\" content=\"1 minute\" \/>\n<script type=\"application\/ld+json\" class=\"yoast-schema-graph\">{\"@context\":\"https:\\\/\\\/schema.org\",\"@graph\":[{\"@type\":\"WebPage\",\"@id\":\"http:\\\/\\\/littlebeauxarts.fr\\\/?page_id=1525\",\"url\":\"http:\\\/\\\/littlebeauxarts.fr\\\/?page_id=1525\",\"name\":\"Dossiers p\u00e9dagogiques - LITTLE BEAUX ARTS\",\"isPartOf\":{\"@id\":\"https:\\\/\\\/littlebeauxarts.fr\\\/#website\"},\"datePublished\":\"2021-01-20T13:11:06+00:00\",\"dateModified\":\"2021-06-01T14:17:02+00:00\",\"description\":\"Little Beaux-Arts se propose de concevoir et de r\u00e9diger les dossiers p\u00e9dagogiques de vos expositions d\u00e9di\u00e9s aux enseignants.\",\"breadcrumb\":{\"@id\":\"http:\\\/\\\/littlebeauxarts.fr\\\/?page_id=1525#breadcrumb\"},\"inLanguage\":\"fr-FR\",\"potentialAction\":[{\"@type\":\"ReadAction\",\"target\":[\"http:\\\/\\\/littlebeauxarts.fr\\\/?page_id=1525\"]}]},{\"@type\":\"BreadcrumbList\",\"@id\":\"http:\\\/\\\/littlebeauxarts.fr\\\/?page_id=1525#breadcrumb\",\"itemListElement\":[{\"@type\":\"ListItem\",\"position\":1,\"name\":\"Accueil\",\"item\":\"https:\\\/\\\/littlebeauxarts.fr\\\/\"},{\"@type\":\"ListItem\",\"position\":2,\"name\":\"Prestations\",\"item\":\"https:\\\/\\\/littlebeauxarts.fr\\\/?page_id=1441\"},{\"@type\":\"ListItem\",\"position\":3,\"name\":\"Dossiers p\u00e9dagogiques\"}]},{\"@type\":\"WebSite\",\"@id\":\"https:\\\/\\\/littlebeauxarts.fr\\\/#website\",\"url\":\"https:\\\/\\\/littlebeauxarts.fr\\\/\",\"name\":\"LITTLE BEAUX ARTS\",\"description\":\"D\u00e9couvrir l\u2019art et le monde des mus\u00e9es en s\u2019amusant et en cr\u00e9ant \u00e0 tous les \u00e2ges\",\"publisher\":{\"@id\":\"https:\\\/\\\/littlebeauxarts.fr\\\/#organization\"},\"potentialAction\":[{\"@type\":\"SearchAction\",\"target\":{\"@type\":\"EntryPoint\",\"urlTemplate\":\"https:\\\/\\\/littlebeauxarts.fr\\\/?s={search_term_string}\"},\"query-input\":{\"@type\":\"PropertyValueSpecification\",\"valueRequired\":true,\"valueName\":\"search_term_string\"}}],\"inLanguage\":\"fr-FR\"},{\"@type\":\"Organization\",\"@id\":\"https:\\\/\\\/littlebeauxarts.fr\\\/#organization\",\"name\":\"Little Beaux-Arts\",\"url\":\"https:\\\/\\\/littlebeauxarts.fr\\\/\",\"logo\":{\"@type\":\"ImageObject\",\"inLanguage\":\"fr-FR\",\"@id\":\"https:\\\/\\\/littlebeauxarts.fr\\\/#\\\/schema\\\/logo\\\/image\\\/\",\"url\":\"\",\"contentUrl\":\"\",\"caption\":\"Little Beaux-Arts\"},\"image\":{\"@id\":\"https:\\\/\\\/littlebeauxarts.fr\\\/#\\\/schema\\\/logo\\\/image\\\/\"},\"sameAs\":[\"https:\\\/\\\/www.facebook.com\\\/littlebeauxarts\\\/\",\"https:\\\/\\\/www.instagram.com\\\/littlebeauxarts\\\/\"]}]}<\/script>\n<!-- \/ Yoast SEO plugin. -->","yoast_head_json":{"title":"Dossiers p\u00e9dagogiques - LITTLE BEAUX ARTS","description":"Little Beaux-Arts se propose de concevoir et de r\u00e9diger les dossiers p\u00e9dagogiques de vos expositions d\u00e9di\u00e9s aux enseignants.","robots":{"index":"index","follow":"follow","max-snippet":"max-snippet:-1","max-image-preview":"max-image-preview:large","max-video-preview":"max-video-preview:-1"},"canonical":"http:\/\/littlebeauxarts.fr\/?page_id=1525","og_locale":"fr_FR","og_type":"article","og_title":"Dossiers p\u00e9dagogiques - LITTLE BEAUX ARTS","og_description":"Little Beaux-Arts se propose de concevoir et de r\u00e9diger les dossiers p\u00e9dagogiques de vos expositions d\u00e9di\u00e9s aux enseignants.","og_url":"http:\/\/littlebeauxarts.fr\/?page_id=1525","og_site_name":"LITTLE BEAUX ARTS","article_publisher":"https:\/\/www.facebook.com\/littlebeauxarts\/","article_modified_time":"2021-06-01T14:17:02+00:00","twitter_card":"summary_large_image","twitter_misc":{"Dur\u00e9e de lecture estim\u00e9e":"1 minute"},"schema":{"@context":"https:\/\/schema.org","@graph":[{"@type":"WebPage","@id":"http:\/\/littlebeauxarts.fr\/?page_id=1525","url":"http:\/\/littlebeauxarts.fr\/?page_id=1525","name":"Dossiers p\u00e9dagogiques - LITTLE BEAUX ARTS","isPartOf":{"@id":"https:\/\/littlebeauxarts.fr\/#website"},"datePublished":"2021-01-20T13:11:06+00:00","dateModified":"2021-06-01T14:17:02+00:00","description":"Little Beaux-Arts se propose de concevoir et de r\u00e9diger les dossiers p\u00e9dagogiques de vos expositions d\u00e9di\u00e9s aux enseignants.","breadcrumb":{"@id":"http:\/\/littlebeauxarts.fr\/?page_id=1525#breadcrumb"},"inLanguage":"fr-FR","potentialAction":[{"@type":"ReadAction","target":["http:\/\/littlebeauxarts.fr\/?page_id=1525"]}]},{"@type":"BreadcrumbList","@id":"http:\/\/littlebeauxarts.fr\/?page_id=1525#breadcrumb","itemListElement":[{"@type":"ListItem","position":1,"name":"Accueil","item":"https:\/\/littlebeauxarts.fr\/"},{"@type":"ListItem","position":2,"name":"Prestations","item":"https:\/\/littlebeauxarts.fr\/?page_id=1441"},{"@type":"ListItem","position":3,"name":"Dossiers p\u00e9dagogiques"}]},{"@type":"WebSite","@id":"https:\/\/littlebeauxarts.fr\/#website","url":"https:\/\/littlebeauxarts.fr\/","name":"LITTLE BEAUX ARTS","description":"D\u00e9couvrir l\u2019art et le monde des mus\u00e9es en s\u2019amusant et en cr\u00e9ant \u00e0 tous les \u00e2ges","publisher":{"@id":"https:\/\/littlebeauxarts.fr\/#organization"},"potentialAction":[{"@type":"SearchAction","target":{"@type":"EntryPoint","urlTemplate":"https:\/\/littlebeauxarts.fr\/?s={search_term_string}"},"query-input":{"@type":"PropertyValueSpecification","valueRequired":true,"valueName":"search_term_string"}}],"inLanguage":"fr-FR"},{"@type":"Organization","@id":"https:\/\/littlebeauxarts.fr\/#organization","name":"Little Beaux-Arts","url":"https:\/\/littlebeauxarts.fr\/","logo":{"@type":"ImageObject","inLanguage":"fr-FR","@id":"https:\/\/littlebeauxarts.fr\/#\/schema\/logo\/image\/","url":"","contentUrl":"","caption":"Little Beaux-Arts"},"image":{"@id":"https:\/\/littlebeauxarts.fr\/#\/schema\/logo\/image\/"},"sameAs":["https:\/\/www.facebook.com\/littlebeauxarts\/","https:\/\/www.instagram.com\/littlebeauxarts\/"]}]}},"_links":{"self":[{"href":"http:\/\/littlebeauxarts.fr\/index.php?rest_route=\/wp\/v2\/pages\/1525","targetHints":{"allow":["GET"]}}],"collection":[{"href":"http:\/\/littlebeauxarts.fr\/index.php?rest_route=\/wp\/v2\/pages"}],"about":[{"href":"http:\/\/littlebeauxarts.fr\/index.php?rest_route=\/wp\/v2\/types\/page"}],"author":[{"embeddable":true,"href":"http:\/\/littlebeauxarts.fr\/index.php?rest_route=\/wp\/v2\/users\/1"}],"replies":[{"embeddable":true,"href":"http:\/\/littlebeauxarts.fr\/index.php?rest_route=%2Fwp%2Fv2%2Fcomments&post=1525"}],"version-history":[{"count":1,"href":"http:\/\/littlebeauxarts.fr\/index.php?rest_route=\/wp\/v2\/pages\/1525\/revisions"}],"predecessor-version":[{"id":2712,"href":"http:\/\/littlebeauxarts.fr\/index.php?rest_route=\/wp\/v2\/pages\/1525\/revisions\/2712"}],"up":[{"embeddable":true,"href":"http:\/\/littlebeauxarts.fr\/index.php?rest_route=\/wp\/v2\/pages\/1441"}],"wp:attachment":[{"href":"http:\/\/littlebeauxarts.fr\/index.php?rest_route=%2Fwp%2Fv2%2Fmedia&parent=1525"}],"curies":[{"name":"wp","href":"https:\/\/api.w.org\/{rel}","templated":true}]}}