{"id":12,"date":"2017-08-09T19:55:58","date_gmt":"2017-08-09T17:55:58","guid":{"rendered":"http:\/\/littlebeauxarts.fr\/wpress\/?page_id=12"},"modified":"2022-04-12T14:35:06","modified_gmt":"2022-04-12T12:35:06","slug":"qui-sommes-nous","status":"publish","type":"page","link":"https:\/\/littlebeauxarts.fr\/?page_id=12","title":{"rendered":"Qui sommes-nous ?"},"content":{"rendered":"\n<p class=\"has-text-align-center\"><em>&#8220;L&#8217;art est un jeu d&#8217;enfant &#8221; <\/em>Max Ernst<\/p>\n\n\n\n<div style=\"height:59px\" aria-hidden=\"true\" class=\"wp-block-spacer\"><\/div>\n\n\n\n<h2 class=\"has-text-align-center wp-block-heading\">MIEUX NOUS CONNA\u00ceTRE <\/h2>\n\n\n\n<hr class=\"wp-block-separator is-style-wide\"\/>\n\n\n\n<div class=\"wp-block-columns is-layout-flex wp-container-core-columns-is-layout-9d6595d7 wp-block-columns-is-layout-flex\">\n<div class=\"wp-block-column is-layout-flow wp-block-column-is-layout-flow\" style=\"flex-basis:66.66%\">\n<p>Little Beaux-Arts est une association loi 1901 fond\u00e9e \u00e0 Lyon.<\/p>\n\n\n\n<div style=\"height:12px\" aria-hidden=\"true\" class=\"wp-block-spacer\"><\/div>\n\n\n\n<p><strong><span style=\"color:#c23751\" class=\"has-inline-color\">NOTRE VOCATION<\/span><\/strong><\/p>\n\n\n\n<p>Favoriser la d\u00e9couverte de l\u2019art en s&#8217;adressant \u00e0 tous, en particulier aux enfants.<\/p>\n\n\n\n<div style=\"height:12px\" aria-hidden=\"true\" class=\"wp-block-spacer\"><\/div>\n\n\n\n<p><strong><span style=\"color:#c23751\" class=\"has-inline-color\">NOS CONVICTIONS<\/span><\/strong><\/p>\n\n\n\n<p><span style=\"color:#d11544\" class=\"has-inline-color\">*<\/span> L&#8217;acc\u00e8s \u00e0 l\u2019art et \u00e0 la culture, d\u00e8s le plus jeune \u00e2ge, est une des cl\u00e9s de l\u2019ouverture d\u2019esprit, du respect des autres, de la coh\u00e9sion sociale et de l\u2019\u00e9galit\u00e9 des chances.<br><span style=\"color:#d11544\" class=\"has-inline-color\">*<\/span> Rendre cette d\u00e9couverte ludique, dr\u00f4le, interactive et accessible aux enfants, permet de toucher un public tr\u00e8s large, non seulement de tout \u00e2ge mais aussi quelque soit son niveau de connaissances en art.<br><span style=\"color:#d11544\" class=\"has-inline-color\">* <\/span>L\u2019art rapproche les gens, les g\u00e9n\u00e9rations, les milieux sociaux.<\/p>\n\n\n\n<div style=\"height:12px\" aria-hidden=\"true\" class=\"wp-block-spacer\"><\/div>\n\n\n\n<p><strong><span style=\"color:#c23751\" class=\"has-inline-color\">NOS ACTIONS<\/span><\/strong><\/p>\n\n\n\n<p><span style=\"color:#d11544\" class=\"has-inline-color\">* <a href=\"http:\/\/littlebeauxarts.fr\/index.php\/expositions\/\">Organisation d&#8217;expositions<\/a><br>* <a href=\"http:\/\/littlebeauxarts.fr\/index.php\/animations-ateliers\/\" target=\"_blank\" rel=\"noreferrer noopener\">Intervention dans les \u00e9coles et structures p\u00e9riscolaires<\/a><br>* <a href=\"http:\/\/littlebeauxarts.fr\/index.php\/prestations\/\" target=\"_blank\" rel=\"noreferrer noopener\">Collaboration avec des lieux ou \u00e9v\u00e9nements culturels pour d\u00e9velopper le contenu destin\u00e9 au jeune public<\/a><\/span><\/p>\n\n\n\n<div style=\"height:12px\" aria-hidden=\"true\" class=\"wp-block-spacer\"><\/div>\n\n\n\n<p><strong><span style=\"color:#c23751\" class=\"has-inline-color\">NOS PARTENAIRES <\/span><\/strong><\/p>\n\n\n\n<p>Little Beaux-Arts est partenaire du Mus\u00e9e en Herbe \u00e0 Paris, 1er mus\u00e9e pour enfants en France qui attire aujourd&#8217;hui 130.000 visiteurs par an avec des expositions ludiques et interactives de 3 \u00e0 103 ans.<\/p>\n\n\n\n<p>Elle re\u00e7oit depuis son origine l&#8217;accompagnement pr\u00e9cieux de la Fondation Emergences et depuis 2020 le soutien de la DRAC Auvergne- Rh\u00f4ne-Alpes pour ses projets en milieu scolaire.<\/p>\n\n\n\n<div style=\"height:16px\" aria-hidden=\"true\" class=\"wp-block-spacer\"><\/div>\n\n\n\n<div class=\"wp-block-columns is-layout-flex wp-container-core-columns-is-layout-9d6595d7 wp-block-columns-is-layout-flex\">\n<div class=\"wp-block-column is-layout-flow wp-block-column-is-layout-flow\" style=\"flex-basis:25%\">\n<figure class=\"wp-block-image size-large is-resized\"><a href=\"http:\/\/www.musee-en-herbe.com\/\"><img loading=\"lazy\" decoding=\"async\" src=\"http:\/\/littlebeauxarts.fr\/wp-content\/uploads\/2019\/07\/logo_MEH-996x1024.png\" alt=\"Qui sommes-nous - Little Beaux Arts - Logo Le Mus\u00e9e en Herbe\" class=\"wp-image-1125\" width=\"98\" height=\"99\" srcset=\"https:\/\/littlebeauxarts.fr\/wp-content\/uploads\/2019\/07\/logo_MEH-150x150.png 150w, https:\/\/littlebeauxarts.fr\/wp-content\/uploads\/2019\/07\/logo_MEH-24x24.png 24w, https:\/\/littlebeauxarts.fr\/wp-content\/uploads\/2019\/07\/logo_MEH-36x36.png 36w, https:\/\/littlebeauxarts.fr\/wp-content\/uploads\/2019\/07\/logo_MEH-48x48.png 48w\" sizes=\"auto, (max-width: 98px) 100vw, 98px\" \/><\/a><\/figure>\n<\/div>\n\n\n\n<div class=\"wp-block-column is-layout-flow wp-block-column-is-layout-flow\" style=\"flex-basis:50%\">\n<div class=\"wp-block-image\"><figure class=\"aligncenter size-large is-resized\"><a href=\"https:\/\/www.fondation-emergences.fr\"><img loading=\"lazy\" decoding=\"async\" src=\"http:\/\/littlebeauxarts.fr\/wp-content\/uploads\/Logojpg.jpg\" alt=\"Qui sommes-nous - Little Beaux Arts - Logo Emergences\" class=\"wp-image-2343\" width=\"211\" height=\"69\"\/><\/a><\/figure><\/div>\n<\/div>\n\n\n\n<div class=\"wp-block-column is-layout-flow wp-block-column-is-layout-flow\" style=\"flex-basis:25%\">\n<div class=\"wp-block-image\"><figure class=\"aligncenter size-large is-resized\"><a href=\"https:\/\/www.prefectures-regions.gouv.fr\/auvergne-rhone-alpes\"><img loading=\"lazy\" decoding=\"async\" src=\"http:\/\/littlebeauxarts.fr\/wp-content\/uploads\/2020\/09\/PREF_region_Auvergne_Rhone_Alpes_CMJN-989x1024.jpg\" alt=\"Qui sommes-nous - Little Beaux Arts - Logo r\u00e9gion\" class=\"wp-image-1153\" width=\"96\" height=\"96\" srcset=\"https:\/\/littlebeauxarts.fr\/wp-content\/uploads\/2020\/09\/PREF_region_Auvergne_Rhone_Alpes_CMJN-150x150.jpg 150w, https:\/\/littlebeauxarts.fr\/wp-content\/uploads\/2020\/09\/PREF_region_Auvergne_Rhone_Alpes_CMJN-24x24.jpg 24w, https:\/\/littlebeauxarts.fr\/wp-content\/uploads\/2020\/09\/PREF_region_Auvergne_Rhone_Alpes_CMJN-36x36.jpg 36w\" sizes=\"auto, (max-width: 96px) 100vw, 96px\" \/><\/a><\/figure><\/div>\n<\/div>\n<\/div>\n<\/div>\n\n\n\n<div class=\"wp-block-column is-layout-flow wp-block-column-is-layout-flow\" style=\"flex-basis:33.33%\">\n<div class=\"wp-block-image\"><figure class=\"aligncenter size-large is-resized\"><img loading=\"lazy\" decoding=\"async\" src=\"http:\/\/littlebeauxarts.fr\/wp-content\/uploads\/Profil-Judith-Moreau-Little-Beaux-Arts--1024x1024.png\" alt=\"JUDITH MOREAU - LITTLE BEAUX ARTS - LYON\" class=\"wp-image-2066\" width=\"190\" height=\"187\"\/><figcaption><strong>Judith, fondatrice<\/strong><br><br>Apr\u00e8s 10 ans dans d&#8217;inoubliables institutions culturelles (Mus\u00e9e en Herbe, Mus\u00e9e du quai Branly, Culturespaces, Op\u00e9ra de Lyon) et devenue maman de 3 enfants, j&#8217;ai eu \u00e0 coeur de transmettre ma passion en particulier aux plus jeunes. J&#8217;ai cr\u00e9\u00e9 Little Beaux-Arts pour monter des projets qui favorisent la d\u00e9couverte de l&#8217;art par le plus grand nombre et y donnent go\u00fbt, sans limite d&#8217;\u00e2ge !<\/figcaption><\/figure><\/div>\n\n\n\n<div style=\"height:25px\" aria-hidden=\"true\" class=\"wp-block-spacer\"><\/div>\n\n\n\n<p class=\"has-text-align-center\"><strong><span style=\"color:#c23751\" class=\"has-inline-color\">DES NEWS DANS VOTRE BO\u00ceTE<\/span> <span style=\"color:#c23751\" class=\"has-inline-color\">!<\/span><\/strong><\/p>\n\n\n\n<div style=\"padding:20px;text-align:center\" class=\"wp-block-tnp-minimal\"><p>Inscrivez-vous pour recevoir les actualit\u00e9s : <\/p><div><div class=\"tnp tnp-subscription-minimal  \"><form action=\"https:\/\/littlebeauxarts.fr\/wp-admin\/admin-ajax.php?action=tnp&amp;na=s\" method=\"post\" style=\"text-align: center\"><input type=\"hidden\" name=\"nr\" value=\"minimal\">\n<input type=\"hidden\" name=\"nlang\" value=\"\">\n<input class=\"tnp-email\" type=\"email\" required name=\"ne\" value=\"\" placeholder=\"Email\"><input class=\"tnp-submit\" type=\"submit\" value=\"S&#039;inscrire\" style=\"background-color:undefined;\">\n<div class=\"tnp-field tnp-privacy-field\"><label><input type=\"checkbox\" name=\"ny\" required class=\"tnp-privacy\"> En continuant, vous acceptez la politique de confidentialit\u00e9<\/label><\/div><\/form><\/div>\n<\/div><\/div>\n<\/div>\n<\/div>\n\n\n\n<div style=\"height:12px\" aria-hidden=\"true\" class=\"wp-block-spacer\"><\/div>\n\n\n\n<h2 class=\"has-text-align-center wp-block-heading\">ENVIE DE NOUS SOUTENIR ?<\/h2>\n\n\n\n<hr class=\"wp-block-separator is-style-wide\"\/>\n\n\n\n<div style=\"height:20px\" aria-hidden=\"true\" class=\"wp-block-spacer\"><\/div>\n\n\n\n<div class=\"wp-block-columns is-layout-flex wp-container-core-columns-is-layout-9d6595d7 wp-block-columns-is-layout-flex\">\n<div class=\"wp-block-column is-layout-flow wp-block-column-is-layout-flow\" style=\"flex-basis:66.66%\">\n<p><\/p>\n\n\n\n<p>Si vous aussi pensez que l\u2019acc\u00e8s \u00e0 l\u2019art et \u00e0 la culture \u00e0 tous, d\u00e8s le plus jeune \u00e2ge, est une des cl\u00e9s de l\u2019ouverture d\u2019esprit, du respect des autres, de la coh\u00e9sion sociale et de l\u2019\u00e9galit\u00e9 des chances : <\/p>\n\n\n\n<p><strong>Soutenez-nous !<\/strong><\/p>\n\n\n\n<div style=\"height:14px\" aria-hidden=\"true\" class=\"wp-block-spacer\"><\/div>\n\n\n\n<p>Tout le monde peut contribuer \u00e0 nous aider ! Particuliers, quelque soit le montant, votre don est d\u00e9ductible \u00e0 66% de votre imp\u00f4t sur le revenu. Un re\u00e7u fiscal vous sera adress\u00e9.<\/p>\n\n\n\n<div class=\"wp-block-buttons is-layout-flex wp-block-buttons-is-layout-flex\">\n<div class=\"wp-block-button is-style-outline is-style-outline--1\"><a class=\"wp-block-button__link has-white-background-color has-text-color has-background\" href=\"https:\/\/www.helloasso.com\/associations\/little-beaux-arts\/formulaires\/1\" style=\"color:#c23751\" target=\"_blank\" rel=\"noreferrer noopener\">Je fais un don ! <\/a><\/div>\n<\/div>\n<\/div>\n\n\n\n<div class=\"wp-block-column is-layout-flow wp-block-column-is-layout-flow\" style=\"flex-basis:33.33%\">\n<div class=\"wp-block-image\"><figure class=\"aligncenter size-large is-resized\"><img loading=\"lazy\" decoding=\"async\" src=\"http:\/\/littlebeauxarts.fr\/wp-content\/uploads\/LYO_Y9A3016-Mur-de-tag\u00a9Maude-Roudier-edited-scaled.jpg\" alt=\"Qui sommes-nous - Little Beaux Arts - Envie de nous soutenir\" class=\"wp-image-2253\" width=\"379\" height=\"379\" srcset=\"https:\/\/littlebeauxarts.fr\/wp-content\/uploads\/LYO_Y9A3016-Mur-de-tag\u00a9Maude-Roudier-edited-scaled.jpg 2560w, https:\/\/littlebeauxarts.fr\/wp-content\/uploads\/LYO_Y9A3016-Mur-de-tag\u00a9Maude-Roudier-edited-300x300.jpg 300w, https:\/\/littlebeauxarts.fr\/wp-content\/uploads\/LYO_Y9A3016-Mur-de-tag\u00a9Maude-Roudier-edited-1024x1024.jpg 1024w, https:\/\/littlebeauxarts.fr\/wp-content\/uploads\/LYO_Y9A3016-Mur-de-tag\u00a9Maude-Roudier-edited-150x150.jpg 150w, https:\/\/littlebeauxarts.fr\/wp-content\/uploads\/LYO_Y9A3016-Mur-de-tag\u00a9Maude-Roudier-edited-768x767.jpg 768w, https:\/\/littlebeauxarts.fr\/wp-content\/uploads\/LYO_Y9A3016-Mur-de-tag\u00a9Maude-Roudier-edited-1536x1534.jpg 1536w, https:\/\/littlebeauxarts.fr\/wp-content\/uploads\/LYO_Y9A3016-Mur-de-tag\u00a9Maude-Roudier-edited-2048x2045.jpg 2048w, https:\/\/littlebeauxarts.fr\/wp-content\/uploads\/LYO_Y9A3016-Mur-de-tag\u00a9Maude-Roudier-edited-1160x1158.jpg 1160w, https:\/\/littlebeauxarts.fr\/wp-content\/uploads\/LYO_Y9A3016-Mur-de-tag\u00a9Maude-Roudier-edited-75x75.jpg 75w\" sizes=\"auto, (max-width: 379px) 100vw, 379px\" \/><\/figure><\/div>\n<\/div>\n<\/div>\n","protected":false},"excerpt":{"rendered":"<p>&#8220;L&#8217;art est un jeu d&#8217;enfant &#8221; Max Ernst MIEUX NOUS CONNA\u00ceTRE Little Beaux-Arts est une association loi 1901 fond\u00e9e \u00e0 Lyon. NOTRE VOCATION Favoriser la d\u00e9couverte de l\u2019art en s&#8217;adressant \u00e0 tous, en particulier aux enfants. NOS CONVICTIONS * L&#8217;acc\u00e8s \u00e0 l\u2019art et \u00e0 la culture, d\u00e8s le plus jeune \u00e2ge, est une des cl\u00e9s de l\u2019ouverture d\u2019esprit, du respect des autres, de la coh\u00e9sion sociale et de l\u2019\u00e9galit\u00e9 des chances.* Rendre cette d\u00e9couverte ludique, dr\u00f4le, interactive et accessible aux enfants, permet de toucher un public tr\u00e8s large, non seulement de tout \u00e2ge mais aussi quelque soit son niveau de connaissances en art.* L\u2019art rapproche les gens, les g\u00e9n\u00e9rations, les milieux sociaux. NOS ACTIONS * Organisation d&#8217;expositions* Intervention dans les \u00e9coles et structures p\u00e9riscolaires* Collaboration avec des lieux ou \u00e9v\u00e9nements culturels pour d\u00e9velopper le contenu destin\u00e9 au jeune public NOS PARTENAIRES Little Beaux-Arts est partenaire du Mus\u00e9e en Herbe \u00e0 Paris, 1er mus\u00e9e pour enfants en France qui attire aujourd&#8217;hui 130.000 visiteurs par an avec des expositions ludiques et interactives de 3 \u00e0 103 ans. Elle re\u00e7oit depuis son origine l&#8217;accompagnement pr\u00e9cieux de la Fondation Emergences et depuis 2020 le soutien de la DRAC Auvergne- Rh\u00f4ne-Alpes pour ses projets en milieu scolaire. DES NEWS DANS VOTRE BO\u00ceTE ! ENVIE DE NOUS SOUTENIR ? Si vous aussi pensez que l\u2019acc\u00e8s \u00e0 l\u2019art et \u00e0 la culture \u00e0 tous, d\u00e8s le plus jeune \u00e2ge, est une des cl\u00e9s de l\u2019ouverture d\u2019esprit, du respect des autres, de la coh\u00e9sion sociale et de l\u2019\u00e9galit\u00e9 des chances : Soutenez-nous ! Tout le monde peut contribuer \u00e0 nous aider ! Particuliers, quelque soit le montant, votre don est d\u00e9ductible \u00e0 66% de votre imp\u00f4t sur le revenu. Un re\u00e7u fiscal vous sera adress\u00e9.<\/p>\n","protected":false},"author":1,"featured_media":1540,"parent":0,"menu_order":0,"comment_status":"closed","ping_status":"closed","template":"","meta":{"footnotes":""},"class_list":["post-12","page","type-page","status-publish","has-post-thumbnail","hentry"],"yoast_head":"<!-- This site is optimized with the Yoast SEO plugin v27.5 - https:\/\/yoast.com\/product\/yoast-seo-wordpress\/ -->\n<title>Little Beaux-Arts : faire d\u00e9couvrir l&#039;art en s&#039;amusant<\/title>\n<meta name=\"description\" content=\"Notre vocation : faire d\u00e9couvrir l\u2019art \u00e0 tout \u00e2ge et en s\u2019amusant. Expositions, jeux, visites anim\u00e9es, manipulations, ateliers, scolaire et p\u00e9riscolaire.\" \/>\n<meta name=\"robots\" content=\"index, follow, max-snippet:-1, max-image-preview:large, max-video-preview:-1\" \/>\n<link rel=\"canonical\" href=\"http:\/\/littlebeauxarts.fr\/?page_id=12\" \/>\n<meta property=\"og:locale\" content=\"fr_FR\" \/>\n<meta property=\"og:type\" content=\"article\" \/>\n<meta property=\"og:title\" content=\"Little Beaux-Arts : faire d\u00e9couvrir l&#039;art en s&#039;amusant\" \/>\n<meta property=\"og:description\" content=\"Notre vocation : faire d\u00e9couvrir l\u2019art \u00e0 tout \u00e2ge et en s\u2019amusant. Expositions, jeux, visites anim\u00e9es, manipulations, ateliers, scolaire et p\u00e9riscolaire.\" \/>\n<meta property=\"og:url\" content=\"http:\/\/littlebeauxarts.fr\/?page_id=12\" \/>\n<meta property=\"og:site_name\" content=\"LITTLE BEAUX ARTS\" \/>\n<meta property=\"article:publisher\" content=\"https:\/\/www.facebook.com\/littlebeauxarts\/\" \/>\n<meta property=\"article:modified_time\" content=\"2022-04-12T12:35:06+00:00\" \/>\n<meta property=\"og:image\" content=\"http:\/\/littlebeauxarts.fr\/wp-content\/uploads\/2021\/01\/Bandeau-Qui-sommes-nous-Little-Beaux-Arts-Judith-Moreau-Lyon-.jpg\" \/>\n\t<meta property=\"og:image:width\" content=\"1600\" \/>\n\t<meta property=\"og:image:height\" content=\"733\" \/>\n\t<meta property=\"og:image:type\" content=\"image\/jpeg\" \/>\n<meta name=\"twitter:card\" content=\"summary_large_image\" \/>\n<meta name=\"twitter:label1\" content=\"Dur\u00e9e de lecture estim\u00e9e\" \/>\n\t<meta name=\"twitter:data1\" content=\"3 minutes\" \/>\n<script type=\"application\/ld+json\" class=\"yoast-schema-graph\">{\"@context\":\"https:\\\/\\\/schema.org\",\"@graph\":[{\"@type\":\"WebPage\",\"@id\":\"http:\\\/\\\/littlebeauxarts.fr\\\/?page_id=12\",\"url\":\"http:\\\/\\\/littlebeauxarts.fr\\\/?page_id=12\",\"name\":\"Little Beaux-Arts : faire d\u00e9couvrir l'art en s'amusant\",\"isPartOf\":{\"@id\":\"http:\\\/\\\/littlebeauxarts.fr\\\/#website\"},\"primaryImageOfPage\":{\"@id\":\"http:\\\/\\\/littlebeauxarts.fr\\\/?page_id=12#primaryimage\"},\"image\":{\"@id\":\"http:\\\/\\\/littlebeauxarts.fr\\\/?page_id=12#primaryimage\"},\"thumbnailUrl\":\"https:\\\/\\\/littlebeauxarts.fr\\\/wp-content\\\/uploads\\\/2021\\\/01\\\/Bandeau-Qui-sommes-nous-Little-Beaux-Arts-Judith-Moreau-Lyon-.jpg\",\"datePublished\":\"2017-08-09T17:55:58+00:00\",\"dateModified\":\"2022-04-12T12:35:06+00:00\",\"description\":\"Notre vocation : faire d\u00e9couvrir l\u2019art \u00e0 tout \u00e2ge et en s\u2019amusant. Expositions, jeux, visites anim\u00e9es, manipulations, ateliers, scolaire et p\u00e9riscolaire.\",\"breadcrumb\":{\"@id\":\"http:\\\/\\\/littlebeauxarts.fr\\\/?page_id=12#breadcrumb\"},\"inLanguage\":\"fr-FR\",\"potentialAction\":[{\"@type\":\"ReadAction\",\"target\":[\"http:\\\/\\\/littlebeauxarts.fr\\\/?page_id=12\"]}]},{\"@type\":\"ImageObject\",\"inLanguage\":\"fr-FR\",\"@id\":\"http:\\\/\\\/littlebeauxarts.fr\\\/?page_id=12#primaryimage\",\"url\":\"https:\\\/\\\/littlebeauxarts.fr\\\/wp-content\\\/uploads\\\/2021\\\/01\\\/Bandeau-Qui-sommes-nous-Little-Beaux-Arts-Judith-Moreau-Lyon-.jpg\",\"contentUrl\":\"https:\\\/\\\/littlebeauxarts.fr\\\/wp-content\\\/uploads\\\/2021\\\/01\\\/Bandeau-Qui-sommes-nous-Little-Beaux-Arts-Judith-Moreau-Lyon-.jpg\",\"width\":1600,\"height\":733,\"caption\":\"\\\"L'art est un jeu d'enfant \\\" Max Ernst\"},{\"@type\":\"BreadcrumbList\",\"@id\":\"http:\\\/\\\/littlebeauxarts.fr\\\/?page_id=12#breadcrumb\",\"itemListElement\":[{\"@type\":\"ListItem\",\"position\":1,\"name\":\"Accueil\",\"item\":\"http:\\\/\\\/littlebeauxarts.fr\\\/\"},{\"@type\":\"ListItem\",\"position\":2,\"name\":\"Qui sommes-nous ?\"}]},{\"@type\":\"WebSite\",\"@id\":\"http:\\\/\\\/littlebeauxarts.fr\\\/#website\",\"url\":\"http:\\\/\\\/littlebeauxarts.fr\\\/\",\"name\":\"LITTLE BEAUX ARTS\",\"description\":\"D\u00e9couvrir l\u2019art et le monde des mus\u00e9es en s\u2019amusant et en cr\u00e9ant \u00e0 tous les \u00e2ges\",\"publisher\":{\"@id\":\"http:\\\/\\\/littlebeauxarts.fr\\\/#organization\"},\"potentialAction\":[{\"@type\":\"SearchAction\",\"target\":{\"@type\":\"EntryPoint\",\"urlTemplate\":\"http:\\\/\\\/littlebeauxarts.fr\\\/?s={search_term_string}\"},\"query-input\":{\"@type\":\"PropertyValueSpecification\",\"valueRequired\":true,\"valueName\":\"search_term_string\"}}],\"inLanguage\":\"fr-FR\"},{\"@type\":\"Organization\",\"@id\":\"http:\\\/\\\/littlebeauxarts.fr\\\/#organization\",\"name\":\"Little Beaux-Arts\",\"url\":\"http:\\\/\\\/littlebeauxarts.fr\\\/\",\"logo\":{\"@type\":\"ImageObject\",\"inLanguage\":\"fr-FR\",\"@id\":\"http:\\\/\\\/littlebeauxarts.fr\\\/#\\\/schema\\\/logo\\\/image\\\/\",\"url\":\"\",\"contentUrl\":\"\",\"caption\":\"Little Beaux-Arts\"},\"image\":{\"@id\":\"http:\\\/\\\/littlebeauxarts.fr\\\/#\\\/schema\\\/logo\\\/image\\\/\"},\"sameAs\":[\"https:\\\/\\\/www.facebook.com\\\/littlebeauxarts\\\/\",\"https:\\\/\\\/www.instagram.com\\\/littlebeauxarts\\\/\"]}]}<\/script>\n<!-- \/ Yoast SEO plugin. -->","yoast_head_json":{"title":"Little Beaux-Arts : faire d\u00e9couvrir l'art en s'amusant","description":"Notre vocation : faire d\u00e9couvrir l\u2019art \u00e0 tout \u00e2ge et en s\u2019amusant. Expositions, jeux, visites anim\u00e9es, manipulations, ateliers, scolaire et p\u00e9riscolaire.","robots":{"index":"index","follow":"follow","max-snippet":"max-snippet:-1","max-image-preview":"max-image-preview:large","max-video-preview":"max-video-preview:-1"},"canonical":"http:\/\/littlebeauxarts.fr\/?page_id=12","og_locale":"fr_FR","og_type":"article","og_title":"Little Beaux-Arts : faire d\u00e9couvrir l'art en s'amusant","og_description":"Notre vocation : faire d\u00e9couvrir l\u2019art \u00e0 tout \u00e2ge et en s\u2019amusant. Expositions, jeux, visites anim\u00e9es, manipulations, ateliers, scolaire et p\u00e9riscolaire.","og_url":"http:\/\/littlebeauxarts.fr\/?page_id=12","og_site_name":"LITTLE BEAUX ARTS","article_publisher":"https:\/\/www.facebook.com\/littlebeauxarts\/","article_modified_time":"2022-04-12T12:35:06+00:00","og_image":[{"width":1600,"height":733,"url":"http:\/\/littlebeauxarts.fr\/wp-content\/uploads\/2021\/01\/Bandeau-Qui-sommes-nous-Little-Beaux-Arts-Judith-Moreau-Lyon-.jpg","type":"image\/jpeg"}],"twitter_card":"summary_large_image","twitter_misc":{"Dur\u00e9e de lecture estim\u00e9e":"3 minutes"},"schema":{"@context":"https:\/\/schema.org","@graph":[{"@type":"WebPage","@id":"http:\/\/littlebeauxarts.fr\/?page_id=12","url":"http:\/\/littlebeauxarts.fr\/?page_id=12","name":"Little Beaux-Arts : faire d\u00e9couvrir l'art en s'amusant","isPartOf":{"@id":"http:\/\/littlebeauxarts.fr\/#website"},"primaryImageOfPage":{"@id":"http:\/\/littlebeauxarts.fr\/?page_id=12#primaryimage"},"image":{"@id":"http:\/\/littlebeauxarts.fr\/?page_id=12#primaryimage"},"thumbnailUrl":"https:\/\/littlebeauxarts.fr\/wp-content\/uploads\/2021\/01\/Bandeau-Qui-sommes-nous-Little-Beaux-Arts-Judith-Moreau-Lyon-.jpg","datePublished":"2017-08-09T17:55:58+00:00","dateModified":"2022-04-12T12:35:06+00:00","description":"Notre vocation : faire d\u00e9couvrir l\u2019art \u00e0 tout \u00e2ge et en s\u2019amusant. Expositions, jeux, visites anim\u00e9es, manipulations, ateliers, scolaire et p\u00e9riscolaire.","breadcrumb":{"@id":"http:\/\/littlebeauxarts.fr\/?page_id=12#breadcrumb"},"inLanguage":"fr-FR","potentialAction":[{"@type":"ReadAction","target":["http:\/\/littlebeauxarts.fr\/?page_id=12"]}]},{"@type":"ImageObject","inLanguage":"fr-FR","@id":"http:\/\/littlebeauxarts.fr\/?page_id=12#primaryimage","url":"https:\/\/littlebeauxarts.fr\/wp-content\/uploads\/2021\/01\/Bandeau-Qui-sommes-nous-Little-Beaux-Arts-Judith-Moreau-Lyon-.jpg","contentUrl":"https:\/\/littlebeauxarts.fr\/wp-content\/uploads\/2021\/01\/Bandeau-Qui-sommes-nous-Little-Beaux-Arts-Judith-Moreau-Lyon-.jpg","width":1600,"height":733,"caption":"\"L'art est un jeu d'enfant \" Max Ernst"},{"@type":"BreadcrumbList","@id":"http:\/\/littlebeauxarts.fr\/?page_id=12#breadcrumb","itemListElement":[{"@type":"ListItem","position":1,"name":"Accueil","item":"http:\/\/littlebeauxarts.fr\/"},{"@type":"ListItem","position":2,"name":"Qui sommes-nous ?"}]},{"@type":"WebSite","@id":"http:\/\/littlebeauxarts.fr\/#website","url":"http:\/\/littlebeauxarts.fr\/","name":"LITTLE BEAUX ARTS","description":"D\u00e9couvrir l\u2019art et le monde des mus\u00e9es en s\u2019amusant et en cr\u00e9ant \u00e0 tous les \u00e2ges","publisher":{"@id":"http:\/\/littlebeauxarts.fr\/#organization"},"potentialAction":[{"@type":"SearchAction","target":{"@type":"EntryPoint","urlTemplate":"http:\/\/littlebeauxarts.fr\/?s={search_term_string}"},"query-input":{"@type":"PropertyValueSpecification","valueRequired":true,"valueName":"search_term_string"}}],"inLanguage":"fr-FR"},{"@type":"Organization","@id":"http:\/\/littlebeauxarts.fr\/#organization","name":"Little Beaux-Arts","url":"http:\/\/littlebeauxarts.fr\/","logo":{"@type":"ImageObject","inLanguage":"fr-FR","@id":"http:\/\/littlebeauxarts.fr\/#\/schema\/logo\/image\/","url":"","contentUrl":"","caption":"Little Beaux-Arts"},"image":{"@id":"http:\/\/littlebeauxarts.fr\/#\/schema\/logo\/image\/"},"sameAs":["https:\/\/www.facebook.com\/littlebeauxarts\/","https:\/\/www.instagram.com\/littlebeauxarts\/"]}]}},"_links":{"self":[{"href":"https:\/\/littlebeauxarts.fr\/index.php?rest_route=\/wp\/v2\/pages\/12","targetHints":{"allow":["GET"]}}],"collection":[{"href":"https:\/\/littlebeauxarts.fr\/index.php?rest_route=\/wp\/v2\/pages"}],"about":[{"href":"https:\/\/littlebeauxarts.fr\/index.php?rest_route=\/wp\/v2\/types\/page"}],"author":[{"embeddable":true,"href":"https:\/\/littlebeauxarts.fr\/index.php?rest_route=\/wp\/v2\/users\/1"}],"replies":[{"embeddable":true,"href":"https:\/\/littlebeauxarts.fr\/index.php?rest_route=%2Fwp%2Fv2%2Fcomments&post=12"}],"version-history":[{"count":2,"href":"https:\/\/littlebeauxarts.fr\/index.php?rest_route=\/wp\/v2\/pages\/12\/revisions"}],"predecessor-version":[{"id":3041,"href":"https:\/\/littlebeauxarts.fr\/index.php?rest_route=\/wp\/v2\/pages\/12\/revisions\/3041"}],"wp:featuredmedia":[{"embeddable":true,"href":"https:\/\/littlebeauxarts.fr\/index.php?rest_route=\/wp\/v2\/media\/1540"}],"wp:attachment":[{"href":"https:\/\/littlebeauxarts.fr\/index.php?rest_route=%2Fwp%2Fv2%2Fmedia&parent=12"}],"curies":[{"name":"wp","href":"https:\/\/api.w.org\/{rel}","templated":true}]}}