{"id":1339,"date":"2021-01-19T20:37:54","date_gmt":"2021-01-19T19:37:54","guid":{"rendered":"http:\/\/littlebeauxarts.fr\/?page_id=1339"},"modified":"2025-06-23T11:02:05","modified_gmt":"2025-06-23T09:02:05","slug":"expositions","status":"publish","type":"page","link":"https:\/\/littlebeauxarts.fr\/?page_id=1339","title":{"rendered":"Expositions"},"content":{"rendered":"\n<p class=\"has-text-align-center\">Des expositions ludiques et interactives, accessibles \u00e0 tous d\u00e8s 3 ans !<\/p>\n\n\n\n<div style=\"height:50px\" aria-hidden=\"true\" class=\"wp-block-spacer\"><\/div>\n\n\n\n<h2 class=\"wp-block-heading has-text-align-center\">LES EXPOSITIONS<\/h2>\n\n\n\n<hr class=\"wp-block-separator has-css-opacity is-style-wide\"\/>\n\n\n\n<p class=\"has-text-align-center\">Nos expositions pr\u00e9sentent de v\u00e9ritables oeuvres d&#8217;art \u00e0 hauteur d&#8217;enfants, dans un langage bas\u00e9 sur l&#8217;humour et un parcours ponctu\u00e9 de jeux.<br> Une d\u00e9couverte \u00e0 partager entre petits et grands.<\/p>\n\n\n\n<div style=\"height:51px\" aria-hidden=\"true\" class=\"wp-block-spacer\"><\/div>\n\n\n\n<div class=\"wp-block-columns is-layout-flex wp-container-core-columns-is-layout-9d6595d7 wp-block-columns-is-layout-flex\">\n<div class=\"wp-block-column is-layout-flow wp-block-column-is-layout-flow\" style=\"flex-basis:33.33%\">\n<figure class=\"wp-block-image size-full is-resized\"><img loading=\"lazy\" decoding=\"async\" width=\"514\" height=\"711\" src=\"http:\/\/littlebeauxarts.fr\/wp-content\/uploads\/Capture-affiche.jpg\" alt=\"\" class=\"wp-image-3374\" style=\"width:280px\" srcset=\"https:\/\/littlebeauxarts.fr\/wp-content\/uploads\/Capture-affiche.jpg 514w, https:\/\/littlebeauxarts.fr\/wp-content\/uploads\/Capture-affiche-217x300.jpg 217w\" sizes=\"auto, (max-width: 514px) 100vw, 514px\" \/><\/figure>\n<\/div>\n\n\n\n<div class=\"wp-block-column is-layout-flow wp-block-column-is-layout-flow\" style=\"flex-basis:66.66%\">\n<p><strong><span style=\"color:#c23751\" class=\"has-inline-color\">ONE, TWO, STREET ART !<\/span><\/strong><\/p>\n\n\n\n<p>Le street art, ou art urbain, est partout autour de nous et de plus en plus d&#8217;\u00e9v\u00e9nements mettent \u00e0 l&#8217;honneur cet art d\u00e9sormais reconnu. Cette exposition s&#8217;attache \u00e0 retracer l&#8217;histoire du mouvement -qui puise ses origines dans le New-York des ann\u00e9es 60-, les valeurs d\u00e9fendues, et pr\u00e9sente les grands noms fran\u00e7ais et internationaux ainsi que la richesse des techniques des artistes.<\/p>\n\n\n\n<p>Cr\u00e9\u00e9e en partenariat avec le Mus\u00e9e en Herbe, elle propose un contenu et une sc\u00e9nographie \u00e0 hauteur d&#8217;enfants et offre des jeux et manipulations tout le long du parcours, ainsi que des ateliers apr\u00e8s la visite.<\/p>\n\n\n\n<p>3 \u00e9ditions de cette exposition ont \u00e9t\u00e9 organis\u00e9es : \u00e0 Lyon en 2017 et \u00e0 Gen\u00e8ve en 2020-2021<strong> ; et la 3\u00e8me A LIEU EN CE MOMENT \u00c0 <a href=\"https:\/\/lartsolite.com\">L&#8221;ARTSOLITE<\/a> DANS LA DR\u00d4ME (Vercors) ! <\/strong>Avec plus d&#8217;oeuvres, de nouveaux artistes, elle a \u00e9t\u00e9 agrandie et enrichie, mais reste toujours enti\u00e8rement accessibles aux petits ! Des 3 ans. <\/p>\n\n\n\n<p>Prolong\u00e9e jusqu&#8217;au 29 d\u00e9cembre 2024.<\/p>\n<\/div>\n<\/div>\n\n\n\n<div style=\"height:12px\" aria-hidden=\"true\" class=\"wp-block-spacer\"><\/div>\n\n\n\n<div class=\"wp-block-columns is-layout-flex wp-container-core-columns-is-layout-9d6595d7 wp-block-columns-is-layout-flex\">\n<div class=\"wp-block-column is-layout-flow wp-block-column-is-layout-flow\" style=\"flex-basis:100%\">\n<div class=\"wp-block-columns is-layout-flex wp-container-core-columns-is-layout-9d6595d7 wp-block-columns-is-layout-flex\">\n<div class=\"wp-block-column is-layout-flow wp-block-column-is-layout-flow\">\n<figure class=\"wp-block-image size-large\"><a href=\"http:\/\/littlebeauxarts.fr\/?p=1559\"><img loading=\"lazy\" decoding=\"async\" width=\"1000\" height=\"681\" src=\"http:\/\/littlebeauxarts.fr\/wp-content\/uploads\/2021\/01\/Little-Beaux-Arts-Expositions-Lyon.jpg\" alt=\"Exposition One Two Street Art - Lyon - Little Beaux Arts - \" class=\"wp-image-1344\" srcset=\"https:\/\/littlebeauxarts.fr\/wp-content\/uploads\/2021\/01\/Little-Beaux-Arts-Expositions-Lyon.jpg 1000w, https:\/\/littlebeauxarts.fr\/wp-content\/uploads\/2021\/01\/Little-Beaux-Arts-Expositions-Lyon-300x204.jpg 300w, https:\/\/littlebeauxarts.fr\/wp-content\/uploads\/2021\/01\/Little-Beaux-Arts-Expositions-Lyon-768x523.jpg 768w, https:\/\/littlebeauxarts.fr\/wp-content\/uploads\/2021\/01\/Little-Beaux-Arts-Expositions-Lyon-24x16.jpg 24w, https:\/\/littlebeauxarts.fr\/wp-content\/uploads\/2021\/01\/Little-Beaux-Arts-Expositions-Lyon-36x25.jpg 36w, https:\/\/littlebeauxarts.fr\/wp-content\/uploads\/2021\/01\/Little-Beaux-Arts-Expositions-Lyon-48x33.jpg 48w\" sizes=\"auto, (max-width: 1000px) 100vw, 1000px\" \/><\/a><\/figure>\n\n\n\n<p><\/p>\n\n\n\n<div style=\"height:11px\" aria-hidden=\"true\" class=\"wp-block-spacer\"><\/div>\n\n\n\n<p class=\"has-text-align-center\"><strong><span style=\"color:#d11544\" class=\"has-inline-color\"><a href=\"http:\/\/littlebeauxarts.fr\/?p=1559\">LYON<br>sept-nov 2017<\/a><\/span><\/strong><\/p>\n\n\n\n<p>Du 9 septembre au 8 novembre 2017 dans le cadre du programme R\u00e9sonance de la Biennale d&#8217;art contemporain de Lyon 2017.<\/p>\n\n\n\n<p>Cette premi\u00e8re \u00e9dition a pris place dans un b\u00e2timent en reconversion offrant son d\u00e9cor \u00e0 l&#8217;\u00e9tat brut aux toiles des artistes pr\u00eat\u00e9es ou r\u00e9alis\u00e9es sp\u00e9cialement pour l&#8217;\u00e9v\u00e9nement par de g\u00e9n\u00e9reux artistes puis offerts \u00e0 des services p\u00e9diatriques d&#8217;h\u00f4pitaux. <br>Offrant visites guid\u00e9es pour les familles, ateliers et performances le week-end, elle a accueilli plus de 9000 visiteurs.<br><a href=\"http:\/\/littlebeauxarts.fr\/?p=1559\">En savoir plus&#8230;<\/a><\/p>\n\n\n\n<div class=\"wp-block-file\"><a id=\"wp-block-file--media-27ba3a7f-b08e-4978-99e1-9605faea2641\" href=\"http:\/\/littlebeauxarts.fr\/wp-content\/uploads\/Video-expo-Lyon-_France-5-2017-1.mp4\">D\u00e9couvrir l&#8217;exposition en vid\u00e9o<\/a><\/div>\n<\/div>\n\n\n\n<div class=\"wp-block-column is-layout-flow wp-block-column-is-layout-flow\">\n<figure class=\"wp-block-gallery has-nested-images columns-default is-cropped wp-block-gallery-1 is-layout-flex wp-block-gallery-is-layout-flex\">\n<figure class=\"wp-block-image size-large\"><img loading=\"lazy\" decoding=\"async\" width=\"1024\" height=\"683\" data-id=\"3273\" src=\"http:\/\/littlebeauxarts.fr\/wp-content\/uploads\/GEN_SIG_QuartierLibre75-1024x683.jpg\" alt=\"\" class=\"wp-image-3273\"\/><\/figure>\n<\/figure>\n\n\n\n<div style=\"height:12px\" aria-hidden=\"true\" class=\"wp-block-spacer\"><\/div>\n\n\n\n<p class=\"has-text-align-center\"><strong><span style=\"color:#d11544\" class=\"has-inline-color\"><a href=\"http:\/\/littlebeauxarts.fr\/?p=1874\">GEN\u00c8VE<br>sept 2020 &#8211; avril 2021<\/a><\/span><\/strong><\/p>\n\n\n\n<p>Du 10 septembre 2020 au 4 avril 2021 \u00e0 Quartier Libre, Gen\u00e8ve.<\/p>\n\n\n\n<p>A l&#8217;initiative des SIG &#8211; Services Industriels de Gen\u00e8ve pour \u00eatre pr\u00e9sent\u00e9e \u00e0 Quartier Libre, espace culturel gratuit au coeur de Gen\u00e8ve d\u00e9di\u00e9 au patrimoine, \u00e0 l&#8217;accessibilit\u00e9 \u00e0 la culture et aux enjeux de soci\u00e9t\u00e9. Little Beaux-Arts et le Mus\u00e9e en Herbe ont con\u00e7u une nouvelle \u00e9dition de l\u2019exposition <em>One, Two, Street Art !<\/em> avec une sc\u00e9nographie r\u00e9solument urbaine adapt\u00e9e au lieu et permettant de pr\u00e9senter encore plus d\u2019artistes et plus de jeux.<br><a href=\"http:\/\/littlebeauxarts.fr\/?p=1874\">En savoir plus&#8230;<\/a><\/p>\n\n\n\n<div class=\"wp-block-file\"><a id=\"wp-block-file--media-cb00c069-5098-49c5-8143-e8191318cdb7\" href=\"http:\/\/littlebeauxarts.fr\/wp-content\/uploads\/Video-expo-Geneve-.mov\">D\u00e9couvrir l&#8217;exposition en vid\u00e9o<\/a><\/div>\n<\/div>\n<\/div>\n<\/div>\n<\/div>\n\n\n\n<div style=\"height:33px\" aria-hidden=\"true\" class=\"wp-block-spacer\"><\/div>\n\n\n\n<div class=\"wp-block-columns is-layout-flex wp-container-core-columns-is-layout-9d6595d7 wp-block-columns-is-layout-flex\">\n<div class=\"wp-block-column is-layout-flow wp-block-column-is-layout-flow\" style=\"flex-basis:33.33%\">\n<figure class=\"wp-block-image size-large is-resized\"><img loading=\"lazy\" decoding=\"async\" width=\"724\" height=\"1024\" src=\"http:\/\/littlebeauxarts.fr\/wp-content\/uploads\/LES_ALLUMES_TEST_V4-724x1024.jpg\" alt=\"\" class=\"wp-image-3192\" style=\"width:280px\" srcset=\"https:\/\/littlebeauxarts.fr\/wp-content\/uploads\/LES_ALLUMES_TEST_V4-724x1024.jpg 724w, https:\/\/littlebeauxarts.fr\/wp-content\/uploads\/LES_ALLUMES_TEST_V4-212x300.jpg 212w, https:\/\/littlebeauxarts.fr\/wp-content\/uploads\/LES_ALLUMES_TEST_V4-768x1086.jpg 768w, https:\/\/littlebeauxarts.fr\/wp-content\/uploads\/LES_ALLUMES_TEST_V4-1086x1536.jpg 1086w, https:\/\/littlebeauxarts.fr\/wp-content\/uploads\/LES_ALLUMES_TEST_V4-1160x1641.jpg 1160w, https:\/\/littlebeauxarts.fr\/wp-content\/uploads\/LES_ALLUMES_TEST_V4.jpg 1414w\" sizes=\"auto, (max-width: 724px) 100vw, 724px\" \/><\/figure>\n<\/div>\n\n\n\n<div class=\"wp-block-column is-layout-flow wp-block-column-is-layout-flow\" style=\"flex-basis:66.66%\">\n<p><strong><mark style=\"background-color:rgba(0, 0, 0, 0);color:#c23751\" class=\"has-inline-color\">LES ALLUM\u00c9.E.S<\/mark><\/strong><\/p>\n\n\n\n<p>Derni\u00e8re exposition con\u00e7ue et r\u00e9alis\u00e9e en partenariat avec le Mus\u00e9e en Herbe pour SIG,<strong> <\/strong>cette exposition artistique et didactique explore les th\u00e8mes de la lumi\u00e8re et de la nature. Elle pr\u00e9sente 5 artistes dont les installations lumineuses s&#8217;inspirent de la formidable \u00e9nergie de la nature. Djeff, Genevi\u00e8ve Favre Petroff, Ludo, Marko 93 et Philippe Echaroux, sont des artistes reconnus qui font de l&#8217;art lumineux dans une d\u00e9marche engag\u00e9e pour l&#8217;environnement. Peintures, installations, light painting, projections sont \u00e0 d\u00e9couvrir et \u00e0 exp\u00e9rimenter en rencontrant le soleil, le vent, des animaux, les \u00e9toiles, les plantes et les arbres, leurs sources d&#8217;inspirations. Une exposition dans laquelle art en environnement se m\u00ealent et nous \u00e9merveillent !<\/p>\n\n\n\n<p>Interactive, ludique et \u00e0 hauteur d&#8217;enfants, l\u2019exposition \u00ab&nbsp;Les Allum\u00e9\u00b7es&nbsp;\u00bb se destine \u00e0 un large public, familles, \u00e9coles, petits d\u00e8s 3 ans mais aussi tous les plus grands. Actuellement pr\u00e9sent\u00e9e \u00e0 Quartier Libre SIG \u00e0 Gen\u00e8ve, en libre acc\u00e8s. Des visites guid\u00e9es sont propos\u00e9es pour les groupes. <strong>Informations pratiques<\/strong>&nbsp;:<a href=\"https:\/\/ww2.sig-ge.ch\/a-propos-de-sig\/nous-connaitre\/sites_expositions\/quartier-libre-pont-de-la-machine\" target=\"_blank\" rel=\"noreferrer noopener\"><strong>&nbsp;www.sig-quartierlibre.ch<\/strong><\/a><\/p>\n\n\n\n<p><\/p>\n\n\n\n<p><a href=\"http:\/\/littlebeauxarts.fr\/?p=3190\">Plus d&#8217;informations sur l&#8217;exposition<\/a><\/p>\n<\/div>\n<\/div>\n\n\n\n<div style=\"height:38px\" aria-hidden=\"true\" class=\"wp-block-spacer\"><\/div>\n\n\n\n<p class=\"has-text-align-center\"><strong><span style=\"color:#c23751\" class=\"has-inline-color\">INTERESS\u00c9S PAR NOS EXPOSITIONS ?<\/span><\/strong><\/p>\n\n\n\n<p class=\"has-text-align-center\">Little Beaux-Arts accompagne les lieux culturels dans la r\u00e9alisation d&#8217;expositions temporaires accessibles \u00e0 tous.<br><br>Les expositions <em>One, Two, Street Art !<\/em> et <em>Les Allum\u00e9.e.s <\/em>peuvent continuer \u00e0 voyager en s&#8217;adaptant au lieu d&#8217;exposition qui souhaite les accueillir.<br>D&#8217;autres expositions sur mesure peuvent \u00eatre r\u00e9alis\u00e9es selon vos demandes.<\/p>\n\n\n\n<p class=\"has-text-align-center\"><a href=\"http:\/\/littlebeauxarts.fr\/?page_id=2\">Contactez-nous<\/a><\/p>\n","protected":false},"excerpt":{"rendered":"<p>Des expositions ludiques et interactives, accessibles \u00e0 tous d\u00e8s 3 ans ! LES EXPOSITIONS Nos expositions pr\u00e9sentent de v\u00e9ritables oeuvres d&#8217;art \u00e0 hauteur d&#8217;enfants, dans un langage bas\u00e9 sur l&#8217;humour et un parcours ponctu\u00e9 de jeux. Une d\u00e9couverte \u00e0 partager entre petits et grands. ONE, TWO, STREET ART ! Le street art, ou art urbain, est partout autour de nous et de plus en plus d&#8217;\u00e9v\u00e9nements mettent \u00e0 l&#8217;honneur cet art d\u00e9sormais reconnu. Cette exposition s&#8217;attache \u00e0 retracer l&#8217;histoire du mouvement -qui puise ses origines dans le New-York des ann\u00e9es 60-, les valeurs d\u00e9fendues, et pr\u00e9sente les grands noms fran\u00e7ais et internationaux ainsi que la richesse des techniques des artistes. Cr\u00e9\u00e9e en partenariat avec le Mus\u00e9e en Herbe, elle propose un contenu et une sc\u00e9nographie \u00e0 hauteur d&#8217;enfants et offre des jeux et manipulations tout le long du parcours, ainsi que des ateliers apr\u00e8s la visite. 3 \u00e9ditions de cette exposition ont \u00e9t\u00e9 organis\u00e9es : \u00e0 Lyon en 2017 et \u00e0 Gen\u00e8ve en 2020-2021 ; et la 3\u00e8me A LIEU EN CE MOMENT \u00c0 L&#8221;ARTSOLITE DANS LA DR\u00d4ME (Vercors) ! Avec plus d&#8217;oeuvres, de nouveaux artistes, elle a \u00e9t\u00e9 agrandie et enrichie, mais reste toujours enti\u00e8rement accessibles aux petits ! Des 3 ans. Prolong\u00e9e jusqu&#8217;au 29 d\u00e9cembre 2024. LYONsept-nov 2017 Du 9 septembre au 8 novembre 2017 dans le cadre du programme R\u00e9sonance de la Biennale d&#8217;art contemporain de Lyon 2017. Cette premi\u00e8re \u00e9dition a pris place dans un b\u00e2timent en reconversion offrant son d\u00e9cor \u00e0 l&#8217;\u00e9tat brut aux toiles des artistes pr\u00eat\u00e9es ou r\u00e9alis\u00e9es sp\u00e9cialement pour l&#8217;\u00e9v\u00e9nement par de g\u00e9n\u00e9reux artistes puis offerts \u00e0 des services p\u00e9diatriques d&#8217;h\u00f4pitaux. Offrant visites guid\u00e9es pour les familles, ateliers et performances le week-end, elle a accueilli plus de 9000 visiteurs.En savoir plus&#8230; GEN\u00c8VEsept 2020 &#8211; avril 2021 Du 10 septembre 2020 au 4 avril 2021 \u00e0 Quartier Libre, Gen\u00e8ve. A l&#8217;initiative des SIG &#8211; Services Industriels de Gen\u00e8ve pour \u00eatre pr\u00e9sent\u00e9e \u00e0 Quartier Libre, espace culturel gratuit au coeur de Gen\u00e8ve d\u00e9di\u00e9 au patrimoine, \u00e0 l&#8217;accessibilit\u00e9 \u00e0 la culture et aux enjeux de soci\u00e9t\u00e9. Little Beaux-Arts et le Mus\u00e9e en Herbe ont con\u00e7u une nouvelle \u00e9dition de l\u2019exposition One, Two, Street Art ! avec une sc\u00e9nographie r\u00e9solument urbaine adapt\u00e9e au lieu et permettant de pr\u00e9senter encore plus d\u2019artistes et plus de jeux.En savoir plus&#8230; LES ALLUM\u00c9.E.S Derni\u00e8re exposition con\u00e7ue et r\u00e9alis\u00e9e en partenariat avec le Mus\u00e9e en Herbe pour SIG, cette exposition artistique et didactique explore les th\u00e8mes de la lumi\u00e8re et de la nature. Elle pr\u00e9sente 5 artistes dont les installations lumineuses s&#8217;inspirent de la formidable \u00e9nergie de la nature. Djeff, Genevi\u00e8ve Favre Petroff, Ludo, Marko 93 et Philippe Echaroux, sont des artistes reconnus qui font de l&#8217;art lumineux dans une d\u00e9marche engag\u00e9e pour l&#8217;environnement. Peintures, installations, light painting, projections sont \u00e0 d\u00e9couvrir et \u00e0 exp\u00e9rimenter en rencontrant le soleil, le vent, des animaux, les \u00e9toiles, les plantes et les arbres, leurs sources d&#8217;inspirations. Une exposition dans laquelle art en environnement se m\u00ealent et nous \u00e9merveillent ! Interactive, ludique et \u00e0 hauteur d&#8217;enfants, l\u2019exposition \u00ab&nbsp;Les Allum\u00e9\u00b7es&nbsp;\u00bb se destine \u00e0 un large public, familles, \u00e9coles, petits d\u00e8s 3 ans mais aussi tous les plus grands. Actuellement pr\u00e9sent\u00e9e \u00e0 Quartier Libre SIG \u00e0 Gen\u00e8ve, en libre acc\u00e8s. Des visites guid\u00e9es sont propos\u00e9es pour les groupes. Informations pratiques&nbsp;:&nbsp;www.sig-quartierlibre.ch Plus d&#8217;informations sur l&#8217;exposition INTERESS\u00c9S PAR NOS EXPOSITIONS ? Little Beaux-Arts accompagne les lieux culturels dans la r\u00e9alisation d&#8217;expositions temporaires accessibles \u00e0 tous. Les expositions One, Two, Street Art ! et Les Allum\u00e9.e.s peuvent continuer \u00e0 voyager en s&#8217;adaptant au lieu d&#8217;exposition qui souhaite les accueillir.D&#8217;autres expositions sur mesure peuvent \u00eatre r\u00e9alis\u00e9es selon vos demandes. Contactez-nous<\/p>\n","protected":false},"author":1,"featured_media":2153,"parent":0,"menu_order":0,"comment_status":"closed","ping_status":"closed","template":"","meta":{"footnotes":""},"class_list":["post-1339","page","type-page","status-publish","has-post-thumbnail","hentry"],"yoast_head":"<!-- This site is optimized with the Yoast SEO plugin v27.4 - https:\/\/yoast.com\/product\/yoast-seo-wordpress\/ -->\n<title>Expositions - LITTLE BEAUX ARTS<\/title>\n<meta name=\"description\" content=\"Little Beaux-Arts accompagne les lieux culturels dans la r\u00e9alisation d\u2019expositions sur mesure temporaires accessibles \u00e0 tous \u00e0 partir de 3 ans. V\u00e9ritables oeuvres d&#039;art, jeux et ateliers.\" \/>\n<meta name=\"robots\" content=\"index, follow, max-snippet:-1, max-image-preview:large, max-video-preview:-1\" \/>\n<link rel=\"canonical\" href=\"http:\/\/littlebeauxarts.fr\/?page_id=1339\" \/>\n<meta property=\"og:locale\" content=\"fr_FR\" \/>\n<meta property=\"og:type\" content=\"article\" \/>\n<meta property=\"og:title\" content=\"Expositions - LITTLE BEAUX ARTS\" \/>\n<meta property=\"og:description\" content=\"Little Beaux-Arts accompagne les lieux culturels dans la r\u00e9alisation d\u2019expositions sur mesure temporaires accessibles \u00e0 tous \u00e0 partir de 3 ans. V\u00e9ritables oeuvres d&#039;art, jeux et ateliers.\" \/>\n<meta property=\"og:url\" content=\"http:\/\/littlebeauxarts.fr\/?page_id=1339\" \/>\n<meta property=\"og:site_name\" content=\"LITTLE BEAUX ARTS\" \/>\n<meta property=\"article:publisher\" content=\"https:\/\/www.facebook.com\/littlebeauxarts\/\" \/>\n<meta property=\"article:modified_time\" content=\"2025-06-23T09:02:05+00:00\" \/>\n<meta property=\"og:image\" content=\"http:\/\/littlebeauxarts.fr\/wp-content\/uploads\/Bandeau-image-page-prestations-little-beaux-arts-2-1024x469.png\" \/>\n\t<meta property=\"og:image:width\" content=\"1024\" \/>\n\t<meta property=\"og:image:height\" content=\"469\" \/>\n\t<meta property=\"og:image:type\" content=\"image\/png\" \/>\n<meta name=\"twitter:card\" content=\"summary_large_image\" \/>\n<meta name=\"twitter:label1\" content=\"Dur\u00e9e de lecture estim\u00e9e\" \/>\n\t<meta name=\"twitter:data1\" content=\"5 minutes\" \/>\n<script type=\"application\/ld+json\" class=\"yoast-schema-graph\">{\"@context\":\"https:\\\/\\\/schema.org\",\"@graph\":[{\"@type\":\"WebPage\",\"@id\":\"http:\\\/\\\/littlebeauxarts.fr\\\/?page_id=1339\",\"url\":\"http:\\\/\\\/littlebeauxarts.fr\\\/?page_id=1339\",\"name\":\"Expositions - LITTLE BEAUX ARTS\",\"isPartOf\":{\"@id\":\"http:\\\/\\\/littlebeauxarts.fr\\\/#website\"},\"primaryImageOfPage\":{\"@id\":\"http:\\\/\\\/littlebeauxarts.fr\\\/?page_id=1339#primaryimage\"},\"image\":{\"@id\":\"http:\\\/\\\/littlebeauxarts.fr\\\/?page_id=1339#primaryimage\"},\"thumbnailUrl\":\"https:\\\/\\\/littlebeauxarts.fr\\\/wp-content\\\/uploads\\\/Bandeau-image-page-prestations-little-beaux-arts-2.png\",\"datePublished\":\"2021-01-19T19:37:54+00:00\",\"dateModified\":\"2025-06-23T09:02:05+00:00\",\"description\":\"Little Beaux-Arts accompagne les lieux culturels dans la r\u00e9alisation d\u2019expositions sur mesure temporaires accessibles \u00e0 tous \u00e0 partir de 3 ans. V\u00e9ritables oeuvres d'art, jeux et ateliers.\",\"breadcrumb\":{\"@id\":\"http:\\\/\\\/littlebeauxarts.fr\\\/?page_id=1339#breadcrumb\"},\"inLanguage\":\"fr-FR\",\"potentialAction\":[{\"@type\":\"ReadAction\",\"target\":[\"http:\\\/\\\/littlebeauxarts.fr\\\/?page_id=1339\"]}]},{\"@type\":\"ImageObject\",\"inLanguage\":\"fr-FR\",\"@id\":\"http:\\\/\\\/littlebeauxarts.fr\\\/?page_id=1339#primaryimage\",\"url\":\"https:\\\/\\\/littlebeauxarts.fr\\\/wp-content\\\/uploads\\\/Bandeau-image-page-prestations-little-beaux-arts-2.png\",\"contentUrl\":\"https:\\\/\\\/littlebeauxarts.fr\\\/wp-content\\\/uploads\\\/Bandeau-image-page-prestations-little-beaux-arts-2.png\",\"width\":4500,\"height\":2063,\"caption\":\"Expositions - Little Beaux Arts - Lyon\"},{\"@type\":\"BreadcrumbList\",\"@id\":\"http:\\\/\\\/littlebeauxarts.fr\\\/?page_id=1339#breadcrumb\",\"itemListElement\":[{\"@type\":\"ListItem\",\"position\":1,\"name\":\"Accueil\",\"item\":\"http:\\\/\\\/littlebeauxarts.fr\\\/\"},{\"@type\":\"ListItem\",\"position\":2,\"name\":\"Expositions\"}]},{\"@type\":\"WebSite\",\"@id\":\"http:\\\/\\\/littlebeauxarts.fr\\\/#website\",\"url\":\"http:\\\/\\\/littlebeauxarts.fr\\\/\",\"name\":\"LITTLE BEAUX ARTS\",\"description\":\"D\u00e9couvrir l\u2019art et le monde des mus\u00e9es en s\u2019amusant et en cr\u00e9ant \u00e0 tous les \u00e2ges\",\"publisher\":{\"@id\":\"http:\\\/\\\/littlebeauxarts.fr\\\/#organization\"},\"potentialAction\":[{\"@type\":\"SearchAction\",\"target\":{\"@type\":\"EntryPoint\",\"urlTemplate\":\"http:\\\/\\\/littlebeauxarts.fr\\\/?s={search_term_string}\"},\"query-input\":{\"@type\":\"PropertyValueSpecification\",\"valueRequired\":true,\"valueName\":\"search_term_string\"}}],\"inLanguage\":\"fr-FR\"},{\"@type\":\"Organization\",\"@id\":\"http:\\\/\\\/littlebeauxarts.fr\\\/#organization\",\"name\":\"Little Beaux-Arts\",\"url\":\"http:\\\/\\\/littlebeauxarts.fr\\\/\",\"logo\":{\"@type\":\"ImageObject\",\"inLanguage\":\"fr-FR\",\"@id\":\"http:\\\/\\\/littlebeauxarts.fr\\\/#\\\/schema\\\/logo\\\/image\\\/\",\"url\":\"\",\"contentUrl\":\"\",\"caption\":\"Little Beaux-Arts\"},\"image\":{\"@id\":\"http:\\\/\\\/littlebeauxarts.fr\\\/#\\\/schema\\\/logo\\\/image\\\/\"},\"sameAs\":[\"https:\\\/\\\/www.facebook.com\\\/littlebeauxarts\\\/\",\"https:\\\/\\\/www.instagram.com\\\/littlebeauxarts\\\/\"]}]}<\/script>\n<!-- \/ Yoast SEO plugin. -->","yoast_head_json":{"title":"Expositions - LITTLE BEAUX ARTS","description":"Little Beaux-Arts accompagne les lieux culturels dans la r\u00e9alisation d\u2019expositions sur mesure temporaires accessibles \u00e0 tous \u00e0 partir de 3 ans. V\u00e9ritables oeuvres d'art, jeux et ateliers.","robots":{"index":"index","follow":"follow","max-snippet":"max-snippet:-1","max-image-preview":"max-image-preview:large","max-video-preview":"max-video-preview:-1"},"canonical":"http:\/\/littlebeauxarts.fr\/?page_id=1339","og_locale":"fr_FR","og_type":"article","og_title":"Expositions - LITTLE BEAUX ARTS","og_description":"Little Beaux-Arts accompagne les lieux culturels dans la r\u00e9alisation d\u2019expositions sur mesure temporaires accessibles \u00e0 tous \u00e0 partir de 3 ans. V\u00e9ritables oeuvres d'art, jeux et ateliers.","og_url":"http:\/\/littlebeauxarts.fr\/?page_id=1339","og_site_name":"LITTLE BEAUX ARTS","article_publisher":"https:\/\/www.facebook.com\/littlebeauxarts\/","article_modified_time":"2025-06-23T09:02:05+00:00","og_image":[{"width":1024,"height":469,"url":"http:\/\/littlebeauxarts.fr\/wp-content\/uploads\/Bandeau-image-page-prestations-little-beaux-arts-2-1024x469.png","type":"image\/png"}],"twitter_card":"summary_large_image","twitter_misc":{"Dur\u00e9e de lecture estim\u00e9e":"5 minutes"},"schema":{"@context":"https:\/\/schema.org","@graph":[{"@type":"WebPage","@id":"http:\/\/littlebeauxarts.fr\/?page_id=1339","url":"http:\/\/littlebeauxarts.fr\/?page_id=1339","name":"Expositions - LITTLE BEAUX ARTS","isPartOf":{"@id":"http:\/\/littlebeauxarts.fr\/#website"},"primaryImageOfPage":{"@id":"http:\/\/littlebeauxarts.fr\/?page_id=1339#primaryimage"},"image":{"@id":"http:\/\/littlebeauxarts.fr\/?page_id=1339#primaryimage"},"thumbnailUrl":"https:\/\/littlebeauxarts.fr\/wp-content\/uploads\/Bandeau-image-page-prestations-little-beaux-arts-2.png","datePublished":"2021-01-19T19:37:54+00:00","dateModified":"2025-06-23T09:02:05+00:00","description":"Little Beaux-Arts accompagne les lieux culturels dans la r\u00e9alisation d\u2019expositions sur mesure temporaires accessibles \u00e0 tous \u00e0 partir de 3 ans. V\u00e9ritables oeuvres d'art, jeux et ateliers.","breadcrumb":{"@id":"http:\/\/littlebeauxarts.fr\/?page_id=1339#breadcrumb"},"inLanguage":"fr-FR","potentialAction":[{"@type":"ReadAction","target":["http:\/\/littlebeauxarts.fr\/?page_id=1339"]}]},{"@type":"ImageObject","inLanguage":"fr-FR","@id":"http:\/\/littlebeauxarts.fr\/?page_id=1339#primaryimage","url":"https:\/\/littlebeauxarts.fr\/wp-content\/uploads\/Bandeau-image-page-prestations-little-beaux-arts-2.png","contentUrl":"https:\/\/littlebeauxarts.fr\/wp-content\/uploads\/Bandeau-image-page-prestations-little-beaux-arts-2.png","width":4500,"height":2063,"caption":"Expositions - Little Beaux Arts - Lyon"},{"@type":"BreadcrumbList","@id":"http:\/\/littlebeauxarts.fr\/?page_id=1339#breadcrumb","itemListElement":[{"@type":"ListItem","position":1,"name":"Accueil","item":"http:\/\/littlebeauxarts.fr\/"},{"@type":"ListItem","position":2,"name":"Expositions"}]},{"@type":"WebSite","@id":"http:\/\/littlebeauxarts.fr\/#website","url":"http:\/\/littlebeauxarts.fr\/","name":"LITTLE BEAUX ARTS","description":"D\u00e9couvrir l\u2019art et le monde des mus\u00e9es en s\u2019amusant et en cr\u00e9ant \u00e0 tous les \u00e2ges","publisher":{"@id":"http:\/\/littlebeauxarts.fr\/#organization"},"potentialAction":[{"@type":"SearchAction","target":{"@type":"EntryPoint","urlTemplate":"http:\/\/littlebeauxarts.fr\/?s={search_term_string}"},"query-input":{"@type":"PropertyValueSpecification","valueRequired":true,"valueName":"search_term_string"}}],"inLanguage":"fr-FR"},{"@type":"Organization","@id":"http:\/\/littlebeauxarts.fr\/#organization","name":"Little Beaux-Arts","url":"http:\/\/littlebeauxarts.fr\/","logo":{"@type":"ImageObject","inLanguage":"fr-FR","@id":"http:\/\/littlebeauxarts.fr\/#\/schema\/logo\/image\/","url":"","contentUrl":"","caption":"Little Beaux-Arts"},"image":{"@id":"http:\/\/littlebeauxarts.fr\/#\/schema\/logo\/image\/"},"sameAs":["https:\/\/www.facebook.com\/littlebeauxarts\/","https:\/\/www.instagram.com\/littlebeauxarts\/"]}]}},"_links":{"self":[{"href":"https:\/\/littlebeauxarts.fr\/index.php?rest_route=\/wp\/v2\/pages\/1339","targetHints":{"allow":["GET"]}}],"collection":[{"href":"https:\/\/littlebeauxarts.fr\/index.php?rest_route=\/wp\/v2\/pages"}],"about":[{"href":"https:\/\/littlebeauxarts.fr\/index.php?rest_route=\/wp\/v2\/types\/page"}],"author":[{"embeddable":true,"href":"https:\/\/littlebeauxarts.fr\/index.php?rest_route=\/wp\/v2\/users\/1"}],"replies":[{"embeddable":true,"href":"https:\/\/littlebeauxarts.fr\/index.php?rest_route=%2Fwp%2Fv2%2Fcomments&post=1339"}],"version-history":[{"count":18,"href":"https:\/\/littlebeauxarts.fr\/index.php?rest_route=\/wp\/v2\/pages\/1339\/revisions"}],"predecessor-version":[{"id":3496,"href":"https:\/\/littlebeauxarts.fr\/index.php?rest_route=\/wp\/v2\/pages\/1339\/revisions\/3496"}],"wp:featuredmedia":[{"embeddable":true,"href":"https:\/\/littlebeauxarts.fr\/index.php?rest_route=\/wp\/v2\/media\/2153"}],"wp:attachment":[{"href":"https:\/\/littlebeauxarts.fr\/index.php?rest_route=%2Fwp%2Fv2%2Fmedia&parent=1339"}],"curies":[{"name":"wp","href":"https:\/\/api.w.org\/{rel}","templated":true}]}}