{"id":2,"date":"2017-08-09T19:30:57","date_gmt":"2017-08-09T17:30:57","guid":{"rendered":"http:\/\/littlebeauxarts.fr\/wpress\/?page_id=2"},"modified":"2023-06-19T15:35:29","modified_gmt":"2023-06-19T13:35:29","slug":"contactez-nous","status":"publish","type":"page","link":"https:\/\/littlebeauxarts.fr\/?page_id=2","title":{"rendered":"Contact"},"content":{"rendered":"\n<h3 class=\"wp-block-heading\"><strong><span style=\"color:#c23751\" class=\"has-inline-color\">Une question ? Un projet ? Contactez-nous !<\/span><\/strong><\/h3>\n\n\n<p><span style=\"font-size: inherit;\">\n<div class=\"wpcf7 no-js\" id=\"wpcf7-f1197-o1\" lang=\"fr-FR\" dir=\"ltr\" data-wpcf7-id=\"1197\">\n<div class=\"screen-reader-response\"><p role=\"status\" aria-live=\"polite\" aria-atomic=\"true\"><\/p> <ul><\/ul><\/div>\n<form action=\"\/index.php?rest_route=%2Fwp%2Fv2%2Fpages%2F2#wpcf7-f1197-o1\" method=\"post\" class=\"wpcf7-form init\" aria-label=\"Formulaire de contact\" novalidate=\"novalidate\" data-status=\"init\">\n<fieldset class=\"hidden-fields-container\"><input type=\"hidden\" name=\"_wpcf7\" value=\"1197\" \/><input type=\"hidden\" name=\"_wpcf7_version\" value=\"6.1.5\" \/><input type=\"hidden\" name=\"_wpcf7_locale\" value=\"fr_FR\" \/><input type=\"hidden\" name=\"_wpcf7_unit_tag\" value=\"wpcf7-f1197-o1\" \/><input type=\"hidden\" name=\"_wpcf7_container_post\" value=\"0\" \/><input type=\"hidden\" name=\"_wpcf7_posted_data_hash\" value=\"\" \/>\n<\/fieldset>\n<p><label> Votre pr\u00e9nom*<br \/>\n<span class=\"wpcf7-form-control-wrap\" data-name=\"your-name\"><input size=\"40\" maxlength=\"400\" class=\"wpcf7-form-control wpcf7-text wpcf7-validates-as-required\" aria-required=\"true\" aria-invalid=\"false\" value=\"\" type=\"text\" name=\"your-name\" \/><\/span> <\/label>\n<\/p>\n<p><label> Votre nom*<br \/>\n<span class=\"wpcf7-form-control-wrap\" data-name=\"your-name\"><input size=\"40\" maxlength=\"400\" class=\"wpcf7-form-control wpcf7-text wpcf7-validates-as-required\" aria-required=\"true\" aria-invalid=\"false\" value=\"\" type=\"text\" name=\"your-name\" \/><\/span> <\/label>\n<\/p>\n<p><label> Votre structure<br \/>\n<span class=\"wpcf7-form-control-wrap\" data-name=\"structure\"><input size=\"40\" maxlength=\"400\" class=\"wpcf7-form-control wpcf7-text\" aria-invalid=\"false\" value=\"\" type=\"text\" name=\"structure\" \/><\/span> <\/label>\n<\/p>\n<p><label> Votre email*<br \/>\n<span class=\"wpcf7-form-control-wrap\" data-name=\"your-email\"><input size=\"40\" maxlength=\"400\" class=\"wpcf7-form-control wpcf7-email wpcf7-validates-as-required wpcf7-text wpcf7-validates-as-email\" aria-required=\"true\" aria-invalid=\"false\" value=\"\" type=\"email\" name=\"your-email\" \/><\/span> <\/label>\n<\/p>\n<p><label> Votre message<br \/>\n<span class=\"wpcf7-form-control-wrap\" data-name=\"your-message\"><textarea cols=\"40\" rows=\"10\" maxlength=\"2000\" class=\"wpcf7-form-control wpcf7-textarea\" aria-invalid=\"false\" name=\"your-message\"><\/textarea><\/span> <\/label>\n<\/p>\n<p><input class=\"wpcf7-form-control wpcf7-submit has-spinner\" type=\"submit\" value=\"Envoyer\" \/>\n<\/p><p style=\"display: none !important;\" class=\"akismet-fields-container\" data-prefix=\"_wpcf7_ak_\"><label>&#916;<textarea name=\"_wpcf7_ak_hp_textarea\" cols=\"45\" rows=\"8\" maxlength=\"100\"><\/textarea><\/label><input type=\"hidden\" id=\"ak_js_1\" name=\"_wpcf7_ak_js\" value=\"202\"\/><script type=\"text\/javascript\">\n\/* <![CDATA[ *\/\ndocument.getElementById( \"ak_js_1\" ).setAttribute( \"value\", ( new Date() ).getTime() );\n\/* ]]> *\/\n<\/script>\n<\/p><div class=\"wpcf7-response-output\" aria-hidden=\"true\"><\/div>\n<\/form>\n<\/div>\n<\/span><\/p>\n<div class=\"largeurkiki\">\n<p style=\"text-align: left;\"><strong><span style=\"color: #c23751;\">Promis, nous vous r\u00e9pondrons au plus vite !<\/span><\/strong><\/p>\n<p style=\"text-align: center;\"><span style=\"color: #c23751;\">Little Beaux-Arts<\/span><br \/><span style=\"color: #c23751;\">6 bis Impasse de Vauzelles<\/span><br \/><span style=\"color: #c23751;\">69001 Lyon<\/span><br \/><span style=\"color: #c23751;\"><a style=\"color: #c23751;\" href=\"_wp_link_placeholder\" data-wplink-edit=\"true\">contact@littlebeauxarts.fr<\/a><\/span><br \/><span style=\"color: #c23751;\">06 08 74 98 35<\/span><\/p>\n<\/div>\n\n\n<p><\/p>\n","protected":false},"excerpt":{"rendered":"<p>Une question ? Un projet ? Contactez-nous ! Promis, nous vous r\u00e9pondrons au plus vite ! Little Beaux-Arts6 bis Impasse de Vauzelles69001 Lyoncontact@littlebeauxarts.fr06 08 74 98 35<\/p>\n","protected":false},"author":1,"featured_media":0,"parent":0,"menu_order":0,"comment_status":"closed","ping_status":"open","template":"","meta":{"footnotes":""},"class_list":["post-2","page","type-page","status-publish","hentry"],"yoast_head":"<!-- This site is optimized with the Yoast SEO plugin v27.5 - https:\/\/yoast.com\/product\/yoast-seo-wordpress\/ -->\n<title>Little Beaux Arts : l&#039;acc\u00e8s \u00e0 l&#039;art et \u00e0 la culture pour tous ! Contactez-nous<\/title>\n<meta name=\"description\" content=\"Notre vocation : l&#039;acc\u00e8s \u00e0 la culture et \u00e0 l&#039;art pour tous ! Une question, un projet ? Contactez-nous via notre formulaire, par email ou par t\u00e9l\u00e9phone.\" \/>\n<meta name=\"robots\" content=\"index, follow, max-snippet:-1, max-image-preview:large, max-video-preview:-1\" \/>\n<link rel=\"canonical\" href=\"https:\/\/littlebeauxarts.fr\/?page_id=2\" \/>\n<meta property=\"og:locale\" content=\"fr_FR\" \/>\n<meta property=\"og:type\" content=\"article\" \/>\n<meta property=\"og:title\" content=\"Little Beaux Arts : l&#039;acc\u00e8s \u00e0 l&#039;art et \u00e0 la culture pour tous ! Contactez-nous\" \/>\n<meta property=\"og:description\" content=\"Notre vocation : l&#039;acc\u00e8s \u00e0 la culture et \u00e0 l&#039;art pour tous ! Une question, un projet ? Contactez-nous via notre formulaire, par email ou par t\u00e9l\u00e9phone.\" \/>\n<meta property=\"og:url\" content=\"https:\/\/littlebeauxarts.fr\/?page_id=2\" \/>\n<meta property=\"og:site_name\" content=\"LITTLE BEAUX ARTS\" \/>\n<meta property=\"article:publisher\" content=\"https:\/\/www.facebook.com\/littlebeauxarts\/\" \/>\n<meta property=\"article:modified_time\" content=\"2023-06-19T13:35:29+00:00\" \/>\n<meta name=\"twitter:card\" content=\"summary_large_image\" \/>\n<meta name=\"twitter:label1\" content=\"Dur\u00e9e de lecture estim\u00e9e\" \/>\n\t<meta name=\"twitter:data1\" content=\"1 minute\" \/>\n<script type=\"application\/ld+json\" class=\"yoast-schema-graph\">{\"@context\":\"https:\\\/\\\/schema.org\",\"@graph\":[{\"@type\":\"WebPage\",\"@id\":\"https:\\\/\\\/littlebeauxarts.fr\\\/?page_id=2\",\"url\":\"https:\\\/\\\/littlebeauxarts.fr\\\/?page_id=2\",\"name\":\"Little Beaux Arts : l'acc\u00e8s \u00e0 l'art et \u00e0 la culture pour tous ! Contactez-nous\",\"isPartOf\":{\"@id\":\"http:\\\/\\\/littlebeauxarts.fr\\\/#website\"},\"datePublished\":\"2017-08-09T17:30:57+00:00\",\"dateModified\":\"2023-06-19T13:35:29+00:00\",\"description\":\"Notre vocation : l'acc\u00e8s \u00e0 la culture et \u00e0 l'art pour tous ! Une question, un projet ? Contactez-nous via notre formulaire, par email ou par t\u00e9l\u00e9phone.\",\"breadcrumb\":{\"@id\":\"https:\\\/\\\/littlebeauxarts.fr\\\/?page_id=2#breadcrumb\"},\"inLanguage\":\"fr-FR\",\"potentialAction\":[{\"@type\":\"ReadAction\",\"target\":[\"https:\\\/\\\/littlebeauxarts.fr\\\/?page_id=2\"]}]},{\"@type\":\"BreadcrumbList\",\"@id\":\"https:\\\/\\\/littlebeauxarts.fr\\\/?page_id=2#breadcrumb\",\"itemListElement\":[{\"@type\":\"ListItem\",\"position\":1,\"name\":\"Accueil\",\"item\":\"http:\\\/\\\/littlebeauxarts.fr\\\/\"},{\"@type\":\"ListItem\",\"position\":2,\"name\":\"Contact\"}]},{\"@type\":\"WebSite\",\"@id\":\"http:\\\/\\\/littlebeauxarts.fr\\\/#website\",\"url\":\"http:\\\/\\\/littlebeauxarts.fr\\\/\",\"name\":\"LITTLE BEAUX ARTS\",\"description\":\"D\u00e9couvrir l\u2019art et le monde des mus\u00e9es en s\u2019amusant et en cr\u00e9ant \u00e0 tous les \u00e2ges\",\"publisher\":{\"@id\":\"http:\\\/\\\/littlebeauxarts.fr\\\/#organization\"},\"potentialAction\":[{\"@type\":\"SearchAction\",\"target\":{\"@type\":\"EntryPoint\",\"urlTemplate\":\"http:\\\/\\\/littlebeauxarts.fr\\\/?s={search_term_string}\"},\"query-input\":{\"@type\":\"PropertyValueSpecification\",\"valueRequired\":true,\"valueName\":\"search_term_string\"}}],\"inLanguage\":\"fr-FR\"},{\"@type\":\"Organization\",\"@id\":\"http:\\\/\\\/littlebeauxarts.fr\\\/#organization\",\"name\":\"Little Beaux-Arts\",\"url\":\"http:\\\/\\\/littlebeauxarts.fr\\\/\",\"logo\":{\"@type\":\"ImageObject\",\"inLanguage\":\"fr-FR\",\"@id\":\"http:\\\/\\\/littlebeauxarts.fr\\\/#\\\/schema\\\/logo\\\/image\\\/\",\"url\":\"\",\"contentUrl\":\"\",\"caption\":\"Little Beaux-Arts\"},\"image\":{\"@id\":\"http:\\\/\\\/littlebeauxarts.fr\\\/#\\\/schema\\\/logo\\\/image\\\/\"},\"sameAs\":[\"https:\\\/\\\/www.facebook.com\\\/littlebeauxarts\\\/\",\"https:\\\/\\\/www.instagram.com\\\/littlebeauxarts\\\/\"]}]}<\/script>\n<!-- \/ Yoast SEO plugin. -->","yoast_head_json":{"title":"Little Beaux Arts : l'acc\u00e8s \u00e0 l'art et \u00e0 la culture pour tous ! Contactez-nous","description":"Notre vocation : l'acc\u00e8s \u00e0 la culture et \u00e0 l'art pour tous ! Une question, un projet ? Contactez-nous via notre formulaire, par email ou par t\u00e9l\u00e9phone.","robots":{"index":"index","follow":"follow","max-snippet":"max-snippet:-1","max-image-preview":"max-image-preview:large","max-video-preview":"max-video-preview:-1"},"canonical":"https:\/\/littlebeauxarts.fr\/?page_id=2","og_locale":"fr_FR","og_type":"article","og_title":"Little Beaux Arts : l'acc\u00e8s \u00e0 l'art et \u00e0 la culture pour tous ! Contactez-nous","og_description":"Notre vocation : l'acc\u00e8s \u00e0 la culture et \u00e0 l'art pour tous ! Une question, un projet ? Contactez-nous via notre formulaire, par email ou par t\u00e9l\u00e9phone.","og_url":"https:\/\/littlebeauxarts.fr\/?page_id=2","og_site_name":"LITTLE BEAUX ARTS","article_publisher":"https:\/\/www.facebook.com\/littlebeauxarts\/","article_modified_time":"2023-06-19T13:35:29+00:00","twitter_card":"summary_large_image","twitter_misc":{"Dur\u00e9e de lecture estim\u00e9e":"1 minute"},"schema":{"@context":"https:\/\/schema.org","@graph":[{"@type":"WebPage","@id":"https:\/\/littlebeauxarts.fr\/?page_id=2","url":"https:\/\/littlebeauxarts.fr\/?page_id=2","name":"Little Beaux Arts : l'acc\u00e8s \u00e0 l'art et \u00e0 la culture pour tous ! Contactez-nous","isPartOf":{"@id":"http:\/\/littlebeauxarts.fr\/#website"},"datePublished":"2017-08-09T17:30:57+00:00","dateModified":"2023-06-19T13:35:29+00:00","description":"Notre vocation : l'acc\u00e8s \u00e0 la culture et \u00e0 l'art pour tous ! Une question, un projet ? Contactez-nous via notre formulaire, par email ou par t\u00e9l\u00e9phone.","breadcrumb":{"@id":"https:\/\/littlebeauxarts.fr\/?page_id=2#breadcrumb"},"inLanguage":"fr-FR","potentialAction":[{"@type":"ReadAction","target":["https:\/\/littlebeauxarts.fr\/?page_id=2"]}]},{"@type":"BreadcrumbList","@id":"https:\/\/littlebeauxarts.fr\/?page_id=2#breadcrumb","itemListElement":[{"@type":"ListItem","position":1,"name":"Accueil","item":"http:\/\/littlebeauxarts.fr\/"},{"@type":"ListItem","position":2,"name":"Contact"}]},{"@type":"WebSite","@id":"http:\/\/littlebeauxarts.fr\/#website","url":"http:\/\/littlebeauxarts.fr\/","name":"LITTLE BEAUX ARTS","description":"D\u00e9couvrir l\u2019art et le monde des mus\u00e9es en s\u2019amusant et en cr\u00e9ant \u00e0 tous les \u00e2ges","publisher":{"@id":"http:\/\/littlebeauxarts.fr\/#organization"},"potentialAction":[{"@type":"SearchAction","target":{"@type":"EntryPoint","urlTemplate":"http:\/\/littlebeauxarts.fr\/?s={search_term_string}"},"query-input":{"@type":"PropertyValueSpecification","valueRequired":true,"valueName":"search_term_string"}}],"inLanguage":"fr-FR"},{"@type":"Organization","@id":"http:\/\/littlebeauxarts.fr\/#organization","name":"Little Beaux-Arts","url":"http:\/\/littlebeauxarts.fr\/","logo":{"@type":"ImageObject","inLanguage":"fr-FR","@id":"http:\/\/littlebeauxarts.fr\/#\/schema\/logo\/image\/","url":"","contentUrl":"","caption":"Little Beaux-Arts"},"image":{"@id":"http:\/\/littlebeauxarts.fr\/#\/schema\/logo\/image\/"},"sameAs":["https:\/\/www.facebook.com\/littlebeauxarts\/","https:\/\/www.instagram.com\/littlebeauxarts\/"]}]}},"_links":{"self":[{"href":"https:\/\/littlebeauxarts.fr\/index.php?rest_route=\/wp\/v2\/pages\/2","targetHints":{"allow":["GET"]}}],"collection":[{"href":"https:\/\/littlebeauxarts.fr\/index.php?rest_route=\/wp\/v2\/pages"}],"about":[{"href":"https:\/\/littlebeauxarts.fr\/index.php?rest_route=\/wp\/v2\/types\/page"}],"author":[{"embeddable":true,"href":"https:\/\/littlebeauxarts.fr\/index.php?rest_route=\/wp\/v2\/users\/1"}],"replies":[{"embeddable":true,"href":"https:\/\/littlebeauxarts.fr\/index.php?rest_route=%2Fwp%2Fv2%2Fcomments&post=2"}],"version-history":[{"count":2,"href":"https:\/\/littlebeauxarts.fr\/index.php?rest_route=\/wp\/v2\/pages\/2\/revisions"}],"predecessor-version":[{"id":3282,"href":"https:\/\/littlebeauxarts.fr\/index.php?rest_route=\/wp\/v2\/pages\/2\/revisions\/3282"}],"wp:attachment":[{"href":"https:\/\/littlebeauxarts.fr\/index.php?rest_route=%2Fwp%2Fv2%2Fmedia&parent=2"}],"curies":[{"name":"wp","href":"https:\/\/api.w.org\/{rel}","templated":true}]}}