{"id":2872,"date":"2022-02-09T18:23:00","date_gmt":"2022-02-09T17:23:00","guid":{"rendered":"https:\/\/littlebeauxarts.fr\/?page_id=2872"},"modified":"2025-09-23T22:40:43","modified_gmt":"2025-09-23T20:40:43","slug":"balades-urbaines-artistiques-little-beaux-arts","status":"publish","type":"page","link":"https:\/\/littlebeauxarts.fr\/?page_id=2872","title":{"rendered":"Balades artistiques"},"content":{"rendered":"\n<p class=\"has-text-align-center\">Des balades artistiques et ludiques dans les rues de Lyon<\/p>\n\n\n\n<div style=\"height:50px\" aria-hidden=\"true\" class=\"wp-block-spacer\"><\/div>\n\n\n\n<h2 class=\"wp-block-heading has-text-align-center\">LES BALADES ARTISTIQUES<\/h2>\n\n\n\n<hr class=\"wp-block-separator has-css-opacity is-style-wide\"\/>\n\n\n\n<p class=\"has-text-align-center\">Pour d\u00e9couvrir des \u0153uvres d&#8217;art et en faire d\u00e9couvrir aux enfants, regardons d\u00e9j\u00e0 autour de nous, Lyon en regorge ! Con\u00e7us sous forme de jeu de piste et guid\u00e9s par une m\u00e9diatrice qui vous raconte tout sur les \u0153uvres, 2 parcours sont propos\u00e9s.<\/p>\n\n\n\n<p class=\"has-text-align-center\">Chaussez vos baskets, suivez le guide et jouez&nbsp;!<\/p>\n\n\n\n<div class=\"wp-block-columns is-layout-flex wp-container-core-columns-is-layout-9d6595d7 wp-block-columns-is-layout-flex\">\n<div class=\"wp-block-column is-layout-flow wp-block-column-is-layout-flow\"><\/div>\n\n\n\n<div class=\"wp-block-column is-layout-flow wp-block-column-is-layout-flow\"><\/div>\n<\/div>\n\n\n\n<div style=\"height:12px\" aria-hidden=\"true\" class=\"wp-block-spacer\"><\/div>\n\n\n\n<div class=\"wp-block-columns is-layout-flex wp-container-core-columns-is-layout-9d6595d7 wp-block-columns-is-layout-flex\">\n<div class=\"wp-block-column is-layout-flow wp-block-column-is-layout-flow\"><div class=\"wp-block-image\">\n<figure class=\"aligncenter size-full is-resized\"><img loading=\"lazy\" decoding=\"async\" width=\"300\" height=\"300\" src=\"http:\/\/littlebeauxarts.fr\/wp-content\/uploads\/1.png\" alt=\"\" class=\"wp-image-2887\" style=\"object-fit:cover;width:300px;height:300px\" srcset=\"https:\/\/littlebeauxarts.fr\/wp-content\/uploads\/1.png 300w, https:\/\/littlebeauxarts.fr\/wp-content\/uploads\/1-150x150.png 150w, https:\/\/littlebeauxarts.fr\/wp-content\/uploads\/1-75x75.png 75w\" sizes=\"auto, (max-width: 300px) 100vw, 300px\" \/><\/figure>\n<\/div><\/div>\n\n\n\n<div class=\"wp-block-column is-layout-flow wp-block-column-is-layout-flow\"><div class=\"wp-block-image\">\n<figure class=\"aligncenter size-large is-resized\"><img loading=\"lazy\" decoding=\"async\" width=\"1024\" height=\"1024\" src=\"http:\/\/littlebeauxarts.fr\/wp-content\/uploads\/8-1024x1024.png\" alt=\"\" class=\"wp-image-3046\" style=\"object-fit:cover;width:300px;height:300px\" srcset=\"https:\/\/littlebeauxarts.fr\/wp-content\/uploads\/8-1024x1024.png 1024w, https:\/\/littlebeauxarts.fr\/wp-content\/uploads\/8-300x300.png 300w, https:\/\/littlebeauxarts.fr\/wp-content\/uploads\/8-150x150.png 150w, https:\/\/littlebeauxarts.fr\/wp-content\/uploads\/8-768x768.png 768w, https:\/\/littlebeauxarts.fr\/wp-content\/uploads\/8-75x75.png 75w, https:\/\/littlebeauxarts.fr\/wp-content\/uploads\/8.png 1080w\" sizes=\"auto, (max-width: 1024px) 100vw, 1024px\" \/><\/figure>\n<\/div><\/div>\n<\/div>\n\n\n\n<div class=\"wp-block-columns alignwide are-vertically-aligned-center is-layout-flex wp-container-core-columns-is-layout-9d6595d7 wp-block-columns-is-layout-flex\">\n<div class=\"wp-block-column is-vertically-aligned-center is-layout-flow wp-block-column-is-layout-flow\">\n<figure class=\"wp-block-image size-full is-resized\"><img loading=\"lazy\" decoding=\"async\" width=\"834\" height=\"126\" src=\"http:\/\/littlebeauxarts.fr\/wp-content\/uploads\/2021\/01\/Etoile-site-6.png\" alt=\"LITTLE BEAUX ARTS LYON\" class=\"wp-image-1619\" style=\"width:134px;height:20px\" srcset=\"https:\/\/littlebeauxarts.fr\/wp-content\/uploads\/2021\/01\/Etoile-site-6.png 834w, https:\/\/littlebeauxarts.fr\/wp-content\/uploads\/2021\/01\/Etoile-site-6-300x45.png 300w, https:\/\/littlebeauxarts.fr\/wp-content\/uploads\/2021\/01\/Etoile-site-6-768x116.png 768w, https:\/\/littlebeauxarts.fr\/wp-content\/uploads\/2021\/01\/Etoile-site-6-24x4.png 24w, https:\/\/littlebeauxarts.fr\/wp-content\/uploads\/2021\/01\/Etoile-site-6-36x5.png 36w, https:\/\/littlebeauxarts.fr\/wp-content\/uploads\/2021\/01\/Etoile-site-6-48x7.png 48w\" sizes=\"auto, (max-width: 834px) 100vw, 834px\" \/><\/figure>\n\n\n\n<div class=\"wp-block-columns is-layout-flex wp-container-core-columns-is-layout-9d6595d7 wp-block-columns-is-layout-flex\">\n<div class=\"wp-block-column is-layout-flow wp-block-column-is-layout-flow\">\n<p class=\"has-text-align-center\"><strong><span class=\"has-inline-color has-black-color\">Balade Street Art<\/span> <\/strong><br>dans les pentes de la Croix Rousse<\/p>\n\n\n\n<p class=\"has-text-align-center has-text-color\" style=\"color:#c23751\">PAR ICI LES GRAFFITIS !<\/p>\n\n\n\n<p class=\"has-text-align-center\">Pour tout savoir sur les artistes d&#8217;ici et d&#8217;ailleurs qui colorent les rues de Lyon avec des oeuvres po\u00e9tiques, dr\u00f4les ou engag\u00e9es.<\/p>\n\n\n\n<p class=\"has-text-align-center\"><\/p>\n<\/div>\n<\/div>\n\n\n\n<div class=\"wp-block-columns is-layout-flex wp-container-core-columns-is-layout-9d6595d7 wp-block-columns-is-layout-flex\">\n<div class=\"wp-block-column is-layout-flow wp-block-column-is-layout-flow\">\n<div class=\"wp-block-buttons alignwide is-content-justification-center is-layout-flex wp-container-core-buttons-is-layout-16018d1d wp-block-buttons-is-layout-flex\">\n<div class=\"wp-block-button is-style-outline is-style-outline--1\"><a class=\"wp-block-button__link has-text-color has-normal-font-size has-text-align-center has-custom-font-size wp-element-button\" href=\"https:\/\/littlebeauxarts.fr\/?page_id=2931\" style=\"color:#c23751\">Plus d&#8217;informations et r\u00e9server<\/a><\/div>\n<\/div>\n<\/div>\n<\/div>\n<\/div>\n\n\n\n<div class=\"wp-block-column is-vertically-aligned-center is-layout-flow wp-block-column-is-layout-flow\">\n<div class=\"wp-block-columns is-layout-flex wp-container-core-columns-is-layout-9d6595d7 wp-block-columns-is-layout-flex\">\n<div class=\"wp-block-column is-layout-flow wp-block-column-is-layout-flow\" style=\"flex-basis:100%\">\n<div style=\"height:17px\" aria-hidden=\"true\" class=\"wp-block-spacer\"><\/div>\n\n\n\n<figure class=\"wp-block-image size-full is-resized\"><img loading=\"lazy\" decoding=\"async\" width=\"834\" height=\"126\" src=\"http:\/\/littlebeauxarts.fr\/wp-content\/uploads\/2021\/01\/Etoile-site-6.png\" alt=\"LITTLE BEAUX ARTS LYON\" class=\"wp-image-1619\" style=\"width:134px;height:20px\" srcset=\"https:\/\/littlebeauxarts.fr\/wp-content\/uploads\/2021\/01\/Etoile-site-6.png 834w, https:\/\/littlebeauxarts.fr\/wp-content\/uploads\/2021\/01\/Etoile-site-6-300x45.png 300w, https:\/\/littlebeauxarts.fr\/wp-content\/uploads\/2021\/01\/Etoile-site-6-768x116.png 768w, https:\/\/littlebeauxarts.fr\/wp-content\/uploads\/2021\/01\/Etoile-site-6-24x4.png 24w, https:\/\/littlebeauxarts.fr\/wp-content\/uploads\/2021\/01\/Etoile-site-6-36x5.png 36w, https:\/\/littlebeauxarts.fr\/wp-content\/uploads\/2021\/01\/Etoile-site-6-48x7.png 48w\" sizes=\"auto, (max-width: 834px) 100vw, 834px\" \/><\/figure>\n\n\n\n<div class=\"wp-block-columns is-layout-flex wp-container-core-columns-is-layout-9d6595d7 wp-block-columns-is-layout-flex\">\n<div class=\"wp-block-column is-layout-flow wp-block-column-is-layout-flow\">\n<div style=\"height:14px\" aria-hidden=\"true\" class=\"wp-block-spacer\"><\/div>\n\n\n\n<p class=\"has-text-align-center has-black-color has-text-color\"><strong><span class=\"has-inline-color has-black-color\">Balade Sculptures<\/span> <\/strong><br>\u00e0 la Cit\u00e9 Internationale<\/p>\n\n\n\n<p class=\"has-text-align-center has-text-color\" style=\"color:#c23751\">PAS BANALES, LES SCULPTURES DE LA CIT\u00c9 INTERNATIONALE !<\/p>\n\n\n\n<p class=\"has-text-align-center\">A la d\u00e9couverte de sculptures \u00e9tonnantes et des grands artistes contemporains qui se cachent derri\u00e8re, \u00e0 deux pas du macLyon et du Parc de la T\u00eate d&#8217;Or.<\/p>\n\n\n\n<p class=\"has-text-align-center\"><\/p>\n<\/div>\n<\/div>\n\n\n\n<div class=\"wp-block-columns is-layout-flex wp-container-core-columns-is-layout-9d6595d7 wp-block-columns-is-layout-flex\">\n<div class=\"wp-block-column is-layout-flow wp-block-column-is-layout-flow\" style=\"flex-basis:100%\">\n<div class=\"wp-block-buttons alignfull is-content-justification-center is-layout-flex wp-container-core-buttons-is-layout-16018d1d wp-block-buttons-is-layout-flex\">\n<div class=\"wp-block-button is-style-outline is-style-outline--2\"><a class=\"wp-block-button__link has-text-color has-normal-font-size has-custom-font-size wp-element-button\" href=\"https:\/\/littlebeauxarts.fr\/?page_id=3141\" style=\"color:#c23751\" target=\"_blank\" rel=\"noreferrer noopener\">Plus d&#8217;informations et r\u00e9server<\/a><\/div>\n<\/div>\n<\/div>\n<\/div>\n<\/div>\n<\/div>\n<\/div>\n<\/div>\n\n\n\n<div class=\"wp-block-columns is-layout-flex wp-container-core-columns-is-layout-9d6595d7 wp-block-columns-is-layout-flex\">\n<div class=\"wp-block-column is-layout-flow wp-block-column-is-layout-flow\" style=\"flex-basis:100%\">\n<p class=\"has-text-align-center\"><strong>Dur\u00e9e<\/strong>&nbsp;<br>1h \u00e0 1h30<\/p>\n\n\n\n<p class=\"has-text-align-center\"><strong>Groupes scolaires<\/strong><br>De GS\/CP \u00e0 coll\u00e8ge<strong> <\/strong><\/p>\n\n\n\n<p class=\"has-text-align-center\"><strong>Tarif<\/strong><br>155 \u20ac pour une balade seule<br>-20% de r\u00e9duction offerte si coupl\u00e9e avec une mini-exposition (voir <a href=\"https:\/\/littlebeauxarts.fr\/?page_id=1031\">ateliers \u00e0 l&#8217;\u00e9cole<\/a>)<\/p>\n\n\n\n<div style=\"height:15px\" aria-hidden=\"true\" class=\"wp-block-spacer\"><\/div>\n\n\n\n<p class=\"has-text-align-center\"><strong>Particuliers<\/strong><\/p>\n\n\n\n<p class=\"has-text-align-center\">Pour un anniversaire, une sortie de groupe en famille ou entre amis<\/p>\n\n\n\n<p class=\"has-text-align-center\">Tarif 155\u20ac &#8211; jeu de piste avec surprise \u00e0 la cl\u00e9 ! <br><\/p>\n\n\n\n<div style=\"height:19px\" aria-hidden=\"true\" class=\"wp-block-spacer\"><\/div>\n\n\n\n<p class=\"has-text-align-center\"><strong>Pour r\u00e9server<\/strong><\/p>\n\n\n\n<p class=\"has-text-align-center\">envoyer la fiche ci-dessous en indiquant la\/les date(s) souhait\u00e9es<\/p>\n\n\n\n<div class=\"wp-block-file aligncenter\"><a id=\"wp-block-file--media-9eb4a85d-a3fd-4f2f-a71f-a50b16f6297f\" href=\"http:\/\/littlebeauxarts.fr\/wp-content\/uploads\/Balade_Demande-de-reservation-Groupes-1.docx\">BALADES_DEMANDE DE R\u00c9SERVATION GROUPES<\/a><\/div>\n\n\n\n<p class=\"has-text-align-center\">ou nous contacter \u00e0 :<\/p>\n\n\n\n<p class=\"has-text-align-center\"><a href=\"mailto:contact@littlebeauxarts.fr\" target=\"_blank\" rel=\"noreferrer noopener\">contact@littlebeauxarts.fr<\/a> \/ 06 13 94 51 34<\/p>\n<\/div>\n<\/div>\n\n\n\n<div style=\"height:17px\" aria-hidden=\"true\" class=\"wp-block-spacer\"><\/div>\n","protected":false},"excerpt":{"rendered":"<p>Des balades artistiques et ludiques dans les rues de Lyon LES BALADES ARTISTIQUES Pour d\u00e9couvrir des \u0153uvres d&#8217;art et en faire d\u00e9couvrir aux enfants, regardons d\u00e9j\u00e0 autour de nous, Lyon en regorge ! Con\u00e7us sous forme de jeu de piste et guid\u00e9s par une m\u00e9diatrice qui vous raconte tout sur les \u0153uvres, 2 parcours sont propos\u00e9s. Chaussez vos baskets, suivez le guide et jouez&nbsp;! Balade Street Art dans les pentes de la Croix Rousse PAR ICI LES GRAFFITIS ! Pour tout savoir sur les artistes d&#8217;ici et d&#8217;ailleurs qui colorent les rues de Lyon avec des oeuvres po\u00e9tiques, dr\u00f4les ou engag\u00e9es. Balade Sculptures \u00e0 la Cit\u00e9 Internationale PAS BANALES, LES SCULPTURES DE LA CIT\u00c9 INTERNATIONALE ! A la d\u00e9couverte de sculptures \u00e9tonnantes et des grands artistes contemporains qui se cachent derri\u00e8re, \u00e0 deux pas du macLyon et du Parc de la T\u00eate d&#8217;Or. Dur\u00e9e&nbsp;1h \u00e0 1h30 Groupes scolairesDe GS\/CP \u00e0 coll\u00e8ge Tarif155 \u20ac pour une balade seule-20% de r\u00e9duction offerte si coupl\u00e9e avec une mini-exposition (voir ateliers \u00e0 l&#8217;\u00e9cole) Particuliers Pour un anniversaire, une sortie de groupe en famille ou entre amis Tarif 155\u20ac &#8211; jeu de piste avec surprise \u00e0 la cl\u00e9 ! Pour r\u00e9server envoyer la fiche ci-dessous en indiquant la\/les date(s) souhait\u00e9es ou nous contacter \u00e0 : contact@littlebeauxarts.fr \/ 06 13 94 51 34<\/p>\n","protected":false},"author":1,"featured_media":3428,"parent":0,"menu_order":0,"comment_status":"closed","ping_status":"closed","template":"","meta":{"footnotes":""},"class_list":["post-2872","page","type-page","status-publish","has-post-thumbnail","hentry"],"yoast_head":"<!-- This site is optimized with the Yoast SEO plugin v27.4 - https:\/\/yoast.com\/product\/yoast-seo-wordpress\/ -->\n<title>Balades artistiques - LITTLE BEAUX ARTS<\/title>\n<meta name=\"description\" content=\"Chaussez vos baskets et suivez le guide ! Little Beaux-Arts vous emm\u00e8ne d\u00e9couvrir des oeuvres d&#039;art en plein air \u00e0 Lyon ! D\u00e9couvrez lors de nos 2 balades artistiques, le Street Art (dans les pentes de la Croix Rousse) et d&#039;\u00e9tonnantes sculptures (Cit\u00e9 International).\" \/>\n<meta name=\"robots\" content=\"index, follow, max-snippet:-1, max-image-preview:large, max-video-preview:-1\" \/>\n<link rel=\"canonical\" href=\"http:\/\/littlebeauxarts.fr\/?page_id=2872\" \/>\n<meta property=\"og:locale\" content=\"fr_FR\" \/>\n<meta property=\"og:type\" content=\"article\" \/>\n<meta property=\"og:title\" content=\"Balades artistiques - LITTLE BEAUX ARTS\" \/>\n<meta property=\"og:description\" content=\"Chaussez vos baskets et suivez le guide ! Little Beaux-Arts vous emm\u00e8ne d\u00e9couvrir des oeuvres d&#039;art en plein air \u00e0 Lyon ! D\u00e9couvrez lors de nos 2 balades artistiques, le Street Art (dans les pentes de la Croix Rousse) et d&#039;\u00e9tonnantes sculptures (Cit\u00e9 International).\" \/>\n<meta property=\"og:url\" content=\"http:\/\/littlebeauxarts.fr\/?page_id=2872\" \/>\n<meta property=\"og:site_name\" content=\"LITTLE BEAUX ARTS\" \/>\n<meta property=\"article:publisher\" content=\"https:\/\/www.facebook.com\/littlebeauxarts\/\" \/>\n<meta property=\"article:modified_time\" content=\"2025-09-23T20:40:43+00:00\" \/>\n<meta property=\"og:image\" content=\"http:\/\/littlebeauxarts.fr\/wp-content\/uploads\/IMG_1248-1-scaled-e1725537266810.jpg\" \/>\n\t<meta property=\"og:image:width\" content=\"1907\" \/>\n\t<meta property=\"og:image:height\" content=\"912\" \/>\n\t<meta property=\"og:image:type\" content=\"image\/jpeg\" \/>\n<meta name=\"twitter:card\" content=\"summary_large_image\" \/>\n<meta name=\"twitter:label1\" content=\"Dur\u00e9e de lecture estim\u00e9e\" \/>\n\t<meta name=\"twitter:data1\" content=\"3 minutes\" \/>\n<script type=\"application\/ld+json\" class=\"yoast-schema-graph\">{\"@context\":\"https:\\\/\\\/schema.org\",\"@graph\":[{\"@type\":\"WebPage\",\"@id\":\"http:\\\/\\\/littlebeauxarts.fr\\\/?page_id=2872\",\"url\":\"http:\\\/\\\/littlebeauxarts.fr\\\/?page_id=2872\",\"name\":\"Balades artistiques - LITTLE BEAUX ARTS\",\"isPartOf\":{\"@id\":\"http:\\\/\\\/littlebeauxarts.fr\\\/#website\"},\"primaryImageOfPage\":{\"@id\":\"http:\\\/\\\/littlebeauxarts.fr\\\/?page_id=2872#primaryimage\"},\"image\":{\"@id\":\"http:\\\/\\\/littlebeauxarts.fr\\\/?page_id=2872#primaryimage\"},\"thumbnailUrl\":\"https:\\\/\\\/littlebeauxarts.fr\\\/wp-content\\\/uploads\\\/IMG_1248-1-scaled-e1725537266810.jpg\",\"datePublished\":\"2022-02-09T17:23:00+00:00\",\"dateModified\":\"2025-09-23T20:40:43+00:00\",\"description\":\"Chaussez vos baskets et suivez le guide ! Little Beaux-Arts vous emm\u00e8ne d\u00e9couvrir des oeuvres d'art en plein air \u00e0 Lyon ! D\u00e9couvrez lors de nos 2 balades artistiques, le Street Art (dans les pentes de la Croix Rousse) et d'\u00e9tonnantes sculptures (Cit\u00e9 International).\",\"breadcrumb\":{\"@id\":\"http:\\\/\\\/littlebeauxarts.fr\\\/?page_id=2872#breadcrumb\"},\"inLanguage\":\"fr-FR\",\"potentialAction\":[{\"@type\":\"ReadAction\",\"target\":[\"http:\\\/\\\/littlebeauxarts.fr\\\/?page_id=2872\"]}]},{\"@type\":\"ImageObject\",\"inLanguage\":\"fr-FR\",\"@id\":\"http:\\\/\\\/littlebeauxarts.fr\\\/?page_id=2872#primaryimage\",\"url\":\"https:\\\/\\\/littlebeauxarts.fr\\\/wp-content\\\/uploads\\\/IMG_1248-1-scaled-e1725537266810.jpg\",\"contentUrl\":\"https:\\\/\\\/littlebeauxarts.fr\\\/wp-content\\\/uploads\\\/IMG_1248-1-scaled-e1725537266810.jpg\",\"width\":1907,\"height\":912,\"caption\":\"\u00a9Little Beaux-Arts, Cit\u00e9 internationale, 'World Markets 2004' de Wang Du\"},{\"@type\":\"BreadcrumbList\",\"@id\":\"http:\\\/\\\/littlebeauxarts.fr\\\/?page_id=2872#breadcrumb\",\"itemListElement\":[{\"@type\":\"ListItem\",\"position\":1,\"name\":\"Accueil\",\"item\":\"http:\\\/\\\/littlebeauxarts.fr\\\/\"},{\"@type\":\"ListItem\",\"position\":2,\"name\":\"Balades artistiques\"}]},{\"@type\":\"WebSite\",\"@id\":\"http:\\\/\\\/littlebeauxarts.fr\\\/#website\",\"url\":\"http:\\\/\\\/littlebeauxarts.fr\\\/\",\"name\":\"LITTLE BEAUX ARTS\",\"description\":\"D\u00e9couvrir l\u2019art et le monde des mus\u00e9es en s\u2019amusant et en cr\u00e9ant \u00e0 tous les \u00e2ges\",\"publisher\":{\"@id\":\"http:\\\/\\\/littlebeauxarts.fr\\\/#organization\"},\"potentialAction\":[{\"@type\":\"SearchAction\",\"target\":{\"@type\":\"EntryPoint\",\"urlTemplate\":\"http:\\\/\\\/littlebeauxarts.fr\\\/?s={search_term_string}\"},\"query-input\":{\"@type\":\"PropertyValueSpecification\",\"valueRequired\":true,\"valueName\":\"search_term_string\"}}],\"inLanguage\":\"fr-FR\"},{\"@type\":\"Organization\",\"@id\":\"http:\\\/\\\/littlebeauxarts.fr\\\/#organization\",\"name\":\"Little Beaux-Arts\",\"url\":\"http:\\\/\\\/littlebeauxarts.fr\\\/\",\"logo\":{\"@type\":\"ImageObject\",\"inLanguage\":\"fr-FR\",\"@id\":\"http:\\\/\\\/littlebeauxarts.fr\\\/#\\\/schema\\\/logo\\\/image\\\/\",\"url\":\"\",\"contentUrl\":\"\",\"caption\":\"Little Beaux-Arts\"},\"image\":{\"@id\":\"http:\\\/\\\/littlebeauxarts.fr\\\/#\\\/schema\\\/logo\\\/image\\\/\"},\"sameAs\":[\"https:\\\/\\\/www.facebook.com\\\/littlebeauxarts\\\/\",\"https:\\\/\\\/www.instagram.com\\\/littlebeauxarts\\\/\"]}]}<\/script>\n<!-- \/ Yoast SEO plugin. -->","yoast_head_json":{"title":"Balades artistiques - LITTLE BEAUX ARTS","description":"Chaussez vos baskets et suivez le guide ! Little Beaux-Arts vous emm\u00e8ne d\u00e9couvrir des oeuvres d'art en plein air \u00e0 Lyon ! D\u00e9couvrez lors de nos 2 balades artistiques, le Street Art (dans les pentes de la Croix Rousse) et d'\u00e9tonnantes sculptures (Cit\u00e9 International).","robots":{"index":"index","follow":"follow","max-snippet":"max-snippet:-1","max-image-preview":"max-image-preview:large","max-video-preview":"max-video-preview:-1"},"canonical":"http:\/\/littlebeauxarts.fr\/?page_id=2872","og_locale":"fr_FR","og_type":"article","og_title":"Balades artistiques - LITTLE BEAUX ARTS","og_description":"Chaussez vos baskets et suivez le guide ! Little Beaux-Arts vous emm\u00e8ne d\u00e9couvrir des oeuvres d'art en plein air \u00e0 Lyon ! D\u00e9couvrez lors de nos 2 balades artistiques, le Street Art (dans les pentes de la Croix Rousse) et d'\u00e9tonnantes sculptures (Cit\u00e9 International).","og_url":"http:\/\/littlebeauxarts.fr\/?page_id=2872","og_site_name":"LITTLE BEAUX ARTS","article_publisher":"https:\/\/www.facebook.com\/littlebeauxarts\/","article_modified_time":"2025-09-23T20:40:43+00:00","og_image":[{"width":1907,"height":912,"url":"http:\/\/littlebeauxarts.fr\/wp-content\/uploads\/IMG_1248-1-scaled-e1725537266810.jpg","type":"image\/jpeg"}],"twitter_card":"summary_large_image","twitter_misc":{"Dur\u00e9e de lecture estim\u00e9e":"3 minutes"},"schema":{"@context":"https:\/\/schema.org","@graph":[{"@type":"WebPage","@id":"http:\/\/littlebeauxarts.fr\/?page_id=2872","url":"http:\/\/littlebeauxarts.fr\/?page_id=2872","name":"Balades artistiques - LITTLE BEAUX ARTS","isPartOf":{"@id":"http:\/\/littlebeauxarts.fr\/#website"},"primaryImageOfPage":{"@id":"http:\/\/littlebeauxarts.fr\/?page_id=2872#primaryimage"},"image":{"@id":"http:\/\/littlebeauxarts.fr\/?page_id=2872#primaryimage"},"thumbnailUrl":"https:\/\/littlebeauxarts.fr\/wp-content\/uploads\/IMG_1248-1-scaled-e1725537266810.jpg","datePublished":"2022-02-09T17:23:00+00:00","dateModified":"2025-09-23T20:40:43+00:00","description":"Chaussez vos baskets et suivez le guide ! Little Beaux-Arts vous emm\u00e8ne d\u00e9couvrir des oeuvres d'art en plein air \u00e0 Lyon ! D\u00e9couvrez lors de nos 2 balades artistiques, le Street Art (dans les pentes de la Croix Rousse) et d'\u00e9tonnantes sculptures (Cit\u00e9 International).","breadcrumb":{"@id":"http:\/\/littlebeauxarts.fr\/?page_id=2872#breadcrumb"},"inLanguage":"fr-FR","potentialAction":[{"@type":"ReadAction","target":["http:\/\/littlebeauxarts.fr\/?page_id=2872"]}]},{"@type":"ImageObject","inLanguage":"fr-FR","@id":"http:\/\/littlebeauxarts.fr\/?page_id=2872#primaryimage","url":"https:\/\/littlebeauxarts.fr\/wp-content\/uploads\/IMG_1248-1-scaled-e1725537266810.jpg","contentUrl":"https:\/\/littlebeauxarts.fr\/wp-content\/uploads\/IMG_1248-1-scaled-e1725537266810.jpg","width":1907,"height":912,"caption":"\u00a9Little Beaux-Arts, Cit\u00e9 internationale, 'World Markets 2004' de Wang Du"},{"@type":"BreadcrumbList","@id":"http:\/\/littlebeauxarts.fr\/?page_id=2872#breadcrumb","itemListElement":[{"@type":"ListItem","position":1,"name":"Accueil","item":"http:\/\/littlebeauxarts.fr\/"},{"@type":"ListItem","position":2,"name":"Balades artistiques"}]},{"@type":"WebSite","@id":"http:\/\/littlebeauxarts.fr\/#website","url":"http:\/\/littlebeauxarts.fr\/","name":"LITTLE BEAUX ARTS","description":"D\u00e9couvrir l\u2019art et le monde des mus\u00e9es en s\u2019amusant et en cr\u00e9ant \u00e0 tous les \u00e2ges","publisher":{"@id":"http:\/\/littlebeauxarts.fr\/#organization"},"potentialAction":[{"@type":"SearchAction","target":{"@type":"EntryPoint","urlTemplate":"http:\/\/littlebeauxarts.fr\/?s={search_term_string}"},"query-input":{"@type":"PropertyValueSpecification","valueRequired":true,"valueName":"search_term_string"}}],"inLanguage":"fr-FR"},{"@type":"Organization","@id":"http:\/\/littlebeauxarts.fr\/#organization","name":"Little Beaux-Arts","url":"http:\/\/littlebeauxarts.fr\/","logo":{"@type":"ImageObject","inLanguage":"fr-FR","@id":"http:\/\/littlebeauxarts.fr\/#\/schema\/logo\/image\/","url":"","contentUrl":"","caption":"Little Beaux-Arts"},"image":{"@id":"http:\/\/littlebeauxarts.fr\/#\/schema\/logo\/image\/"},"sameAs":["https:\/\/www.facebook.com\/littlebeauxarts\/","https:\/\/www.instagram.com\/littlebeauxarts\/"]}]}},"_links":{"self":[{"href":"https:\/\/littlebeauxarts.fr\/index.php?rest_route=\/wp\/v2\/pages\/2872","targetHints":{"allow":["GET"]}}],"collection":[{"href":"https:\/\/littlebeauxarts.fr\/index.php?rest_route=\/wp\/v2\/pages"}],"about":[{"href":"https:\/\/littlebeauxarts.fr\/index.php?rest_route=\/wp\/v2\/types\/page"}],"author":[{"embeddable":true,"href":"https:\/\/littlebeauxarts.fr\/index.php?rest_route=\/wp\/v2\/users\/1"}],"replies":[{"embeddable":true,"href":"https:\/\/littlebeauxarts.fr\/index.php?rest_route=%2Fwp%2Fv2%2Fcomments&post=2872"}],"version-history":[{"count":96,"href":"https:\/\/littlebeauxarts.fr\/index.php?rest_route=\/wp\/v2\/pages\/2872\/revisions"}],"predecessor-version":[{"id":3524,"href":"https:\/\/littlebeauxarts.fr\/index.php?rest_route=\/wp\/v2\/pages\/2872\/revisions\/3524"}],"wp:featuredmedia":[{"embeddable":true,"href":"https:\/\/littlebeauxarts.fr\/index.php?rest_route=\/wp\/v2\/media\/3428"}],"wp:attachment":[{"href":"https:\/\/littlebeauxarts.fr\/index.php?rest_route=%2Fwp%2Fv2%2Fmedia&parent=2872"}],"curies":[{"name":"wp","href":"https:\/\/api.w.org\/{rel}","templated":true}]}}