{"id":2931,"date":"2022-02-08T18:09:28","date_gmt":"2022-02-08T17:09:28","guid":{"rendered":"https:\/\/littlebeauxarts.fr\/?page_id=2931"},"modified":"2025-06-27T11:58:27","modified_gmt":"2025-06-27T09:58:27","slug":"balade-street-art","status":"publish","type":"page","link":"https:\/\/littlebeauxarts.fr\/?page_id=2931","title":{"rendered":"Balade Street Art"},"content":{"rendered":"\n<h2 class=\"wp-block-heading\"><span style=\"color:#c23751\" class=\"has-inline-color\">&#8220;PAR ICI LES GRAFFITIS !&#8221;<\/span><\/h2>\n\n\n\n<p>Partez \u00e0 la chasse aux \u0153uvres de street art dans les pentes de la Croix Rousse, un v\u00e9ritable mus\u00e9e \u00e0 ciel ouvert&nbsp;! <\/p>\n\n\n\n<p>En cherchant les indices de votre guide, vous vous arr\u00eaterez&nbsp;sur une dizaine d\u2019oeuvres, po\u00e9tiques, dr\u00f4les ou engag\u00e9es. Les oeuvres qui colorent nos rues&nbsp;permettent de d\u00e9couvrir l\u2019univers d\u2019artistes \u00e0 la cr\u00e9ativit\u00e9 folle et aux techniques vari\u00e9es : fresque, peintures, sculptures, collages, mosa\u00efques&#8230;&nbsp;&nbsp;<\/p>\n\n\n\n<div class=\"wp-block-columns is-layout-flex wp-container-core-columns-is-layout-9d6595d7 wp-block-columns-is-layout-flex\">\n<div class=\"wp-block-column is-layout-flow wp-block-column-is-layout-flow\">\n<p class=\"has-text-color\" style=\"color:#c23751\"><strong>D\u00e9part : Place des Tapis (Lyon 4), Metro Croix Rousse<\/strong><\/p>\n\n\n\n<p>La balade se termine en bas des pentes de la Croix Rousse (M\u00b0 Croix Paquet ou H\u00f4tel de Ville)<\/p>\n\n\n\n<p>Dur\u00e9e&nbsp;: 1h \u00e0 1h30<\/p>\n\n\n\n<p>Dates&nbsp;: tous les jours en fonction des disponibilit\u00e9s.&nbsp;<\/p>\n\n\n\n<p><strong>Des escaliers sont utilis\u00e9s lors du parcours, rendant ce circuit peu accessible aux fauteuils roulants.<\/strong> Si un enfant est en fauteuil dans le groupe, nous informer svp afin que nous pr\u00e9voyons des modifications dans le parcours.<\/p>\n<\/div>\n<\/div>\n\n\n\n<div class=\"wp-block-columns is-layout-flex wp-container-core-columns-is-layout-9d6595d7 wp-block-columns-is-layout-flex\">\n<div class=\"wp-block-column is-layout-flow wp-block-column-is-layout-flow\">\n<figure class=\"wp-block-image size-large\"><img loading=\"lazy\" decoding=\"async\" width=\"1024\" height=\"1024\" src=\"http:\/\/littlebeauxarts.fr\/wp-content\/uploads\/IMG_0977-scaled-e1750596470740-1024x1024.jpg\" alt=\"\" class=\"wp-image-3486\" srcset=\"https:\/\/littlebeauxarts.fr\/wp-content\/uploads\/IMG_0977-scaled-e1750596470740-1024x1024.jpg 1024w, https:\/\/littlebeauxarts.fr\/wp-content\/uploads\/IMG_0977-scaled-e1750596470740-300x300.jpg 300w, https:\/\/littlebeauxarts.fr\/wp-content\/uploads\/IMG_0977-scaled-e1750596470740-150x150.jpg 150w, https:\/\/littlebeauxarts.fr\/wp-content\/uploads\/IMG_0977-scaled-e1750596470740-768x768.jpg 768w, https:\/\/littlebeauxarts.fr\/wp-content\/uploads\/IMG_0977-scaled-e1750596470740-1536x1536.jpg 1536w, https:\/\/littlebeauxarts.fr\/wp-content\/uploads\/IMG_0977-scaled-e1750596470740-1160x1160.jpg 1160w, https:\/\/littlebeauxarts.fr\/wp-content\/uploads\/IMG_0977-scaled-e1750596470740-75x75.jpg 75w, https:\/\/littlebeauxarts.fr\/wp-content\/uploads\/IMG_0977-scaled-e1750596470740.jpg 1920w\" sizes=\"auto, (max-width: 1024px) 100vw, 1024px\" \/><\/figure>\n<\/div>\n\n\n\n<div class=\"wp-block-column is-layout-flow wp-block-column-is-layout-flow\">\n<figure class=\"wp-block-image size-large\"><img loading=\"lazy\" decoding=\"async\" width=\"1024\" height=\"1024\" src=\"http:\/\/littlebeauxarts.fr\/wp-content\/uploads\/4869169162273127192-e1750596898628-1024x1024.jpg\" alt=\"\" class=\"wp-image-3489\" srcset=\"https:\/\/littlebeauxarts.fr\/wp-content\/uploads\/4869169162273127192-e1750596898628-1024x1024.jpg 1024w, https:\/\/littlebeauxarts.fr\/wp-content\/uploads\/4869169162273127192-e1750596898628-300x300.jpg 300w, https:\/\/littlebeauxarts.fr\/wp-content\/uploads\/4869169162273127192-e1750596898628-150x150.jpg 150w, https:\/\/littlebeauxarts.fr\/wp-content\/uploads\/4869169162273127192-e1750596898628-768x768.jpg 768w, https:\/\/littlebeauxarts.fr\/wp-content\/uploads\/4869169162273127192-e1750596898628-1160x1160.jpg 1160w, https:\/\/littlebeauxarts.fr\/wp-content\/uploads\/4869169162273127192-e1750596898628-75x75.jpg 75w, https:\/\/littlebeauxarts.fr\/wp-content\/uploads\/4869169162273127192-e1750596898628.jpg 1200w\" sizes=\"auto, (max-width: 1024px) 100vw, 1024px\" \/><\/figure>\n<\/div>\n<\/div>\n\n\n\n<div class=\"wp-block-file aligncenter\"><a id=\"wp-block-file--media-5d919207-cc68-4022-8e1e-e55fcfc0353d\" href=\"http:\/\/littlebeauxarts.fr\/wp-content\/uploads\/Balade_Demande-de-reservation-Groupes-2.docx\">T\u00c9L\u00c9CHARGER LA FICHE DE R\u00c9SERVATION GROUPES<\/a><\/div>\n\n\n\n<p><a href=\"http:\/\/littlebeauxarts.fr\/?page_id=2872\">Retour aux balades<\/a><\/p>\n\n\n<style type=\"text\/css\">\n#foogallery-gallery-3133 .fg-image { width: 150px; }\n#foogallery-gallery-3133 { --fg-gutter: 10px; }<\/style>\n\t\t\t<div class=\"foogallery foogallery-container foogallery-default foogallery-lightbox-none fg-center fg-default fg-ready fg-light fg-border-thin fg-shadow-outline fg-loading-default fg-loaded-fade-in fg-caption-hover fg-hover-fade fg-hover-zoom\" id=\"foogallery-gallery-3133\" data-foogallery=\"{&quot;item&quot;:{&quot;showCaptionTitle&quot;:true,&quot;showCaptionDescription&quot;:true},&quot;lazy&quot;:true}\" style=\"--fg-title-line-clamp: 0; --fg-description-line-clamp: 0;\" >\n\t<div class=\"fg-item fg-type-image fg-idle\"><figure class=\"fg-item-inner\"><a href=\"https:\/\/littlebeauxarts.fr\/wp-content\/uploads\/Resized_20250410_1430241-e1746464986283.jpg\" data-attachment-id=\"3484\" data-type=\"image\" class=\"fg-thumb\"><span class=\"fg-image-wrap\"><img decoding=\"async\" width=\"150\" height=\"150\" class=\"skip-lazy fg-image\" data-src-fg=\"https:\/\/littlebeauxarts.fr\/wp-content\/uploads\/cache\/Resized_20250410_1430241-e1746464986283\/3502928647.jpg\" src=\"data:image\/svg+xml,%3Csvg%20xmlns%3D%22http%3A%2F%2Fwww.w3.org%2F2000%2Fsvg%22%20width%3D%22150%22%20height%3D%22150%22%20viewBox%3D%220%200%20150%20150%22%3E%3C%2Fsvg%3E\" loading=\"eager\"><\/span><span class=\"fg-image-overlay\"><\/span><\/a><\/figure><div class=\"fg-loader\"><\/div><\/div><div class=\"fg-item fg-type-image fg-idle\"><figure class=\"fg-item-inner\"><a href=\"https:\/\/littlebeauxarts.fr\/wp-content\/uploads\/IMG_2527-OUI-scaled.jpg\" data-caption-title=\"Visite scolaire &quot;Par ici, les Graffitis&quot;, Lyon \u00a9Little Beaux-Arts\" data-caption-desc=\"Sur les traces de l&#039;art urbain \u00e0 Lyon. Balade urbaine d&#039;1h30 dans les pentes de la Croix Rousse pour les enfants.\" data-attachment-id=\"3135\" data-type=\"image\" class=\"fg-thumb\"><span class=\"fg-image-wrap\"><img decoding=\"async\" title=\"Visite scolaire &quot;Par ici, les Graffitis&quot;, Lyon \u00a9Little Beaux-Arts\" width=\"150\" height=\"150\" class=\"skip-lazy fg-image\" data-src-fg=\"https:\/\/littlebeauxarts.fr\/wp-content\/uploads\/cache\/IMG_2527-OUI-scaled\/35974770.jpg\" src=\"data:image\/svg+xml,%3Csvg%20xmlns%3D%22http%3A%2F%2Fwww.w3.org%2F2000%2Fsvg%22%20width%3D%22150%22%20height%3D%22150%22%20viewBox%3D%220%200%20150%20150%22%3E%3C%2Fsvg%3E\" loading=\"eager\"><\/span><span class=\"fg-image-overlay\"><\/span><\/a><figcaption class=\"fg-caption\"><div class=\"fg-caption-inner\"><div class=\"fg-caption-title\">Visite scolaire &#8220;Par ici, les Graffitis&#8221;, Lyon \u00a9Little Beaux-Arts<\/div><div class=\"fg-caption-desc\">Sur les traces de l&#8217;art urbain \u00e0 Lyon. Balade urbaine d&#8217;1h30 dans les pentes de la Croix Rousse pour les enfants.<\/div><\/div><\/figcaption><\/figure><div class=\"fg-loader\"><\/div><\/div><div class=\"fg-item fg-type-image fg-idle\"><figure class=\"fg-item-inner\"><a href=\"https:\/\/littlebeauxarts.fr\/wp-content\/uploads\/IMG_9203.jpg\" data-caption-title=\"Visite scolaire &quot;Par ici, les Graffitis&quot;, oeuvre d&#039;Ememem, Lyon \u00a9Little Beaux-Arts\" data-caption-desc=\"Sur les traces de l&#039;art urbain \u00e0 Lyon. Balade urbaine d&#039;1h30 dans les pentes de la Croix Rousse pour les enfants.\" data-attachment-id=\"3136\" data-type=\"image\" class=\"fg-thumb\"><span class=\"fg-image-wrap\"><img decoding=\"async\" title=\"Visite scolaire &quot;Par ici, les Graffitis&quot;, oeuvre d&#039;Ememem, Lyon \u00a9Little Beaux-Arts\" width=\"150\" height=\"150\" class=\"skip-lazy fg-image\" data-src-fg=\"https:\/\/littlebeauxarts.fr\/wp-content\/uploads\/cache\/IMG_9203\/1459447774.jpg\" src=\"data:image\/svg+xml,%3Csvg%20xmlns%3D%22http%3A%2F%2Fwww.w3.org%2F2000%2Fsvg%22%20width%3D%22150%22%20height%3D%22150%22%20viewBox%3D%220%200%20150%20150%22%3E%3C%2Fsvg%3E\" loading=\"eager\"><\/span><span class=\"fg-image-overlay\"><\/span><\/a><figcaption class=\"fg-caption\"><div class=\"fg-caption-inner\"><div class=\"fg-caption-title\">Visite scolaire &#8220;Par ici, les Graffitis&#8221;, oeuvre d&#8217;Ememem, Lyon \u00a9Little Beaux-Arts<\/div><div class=\"fg-caption-desc\">Sur les traces de l&#8217;art urbain \u00e0 Lyon. Balade urbaine d&#8217;1h30 dans les pentes de la Croix Rousse pour les enfants.<\/div><\/div><\/figcaption><\/figure><div class=\"fg-loader\"><\/div><\/div><div class=\"fg-item fg-type-image fg-idle\"><figure class=\"fg-item-inner\"><a href=\"https:\/\/littlebeauxarts.fr\/wp-content\/uploads\/IMG_8640-scaled.jpg\" data-caption-title=\"Visite scolaire &quot;Par ici, les Graffitis&quot;, Place des Tapis, Lyon \u00a9Little Beaux-Arts\" data-caption-desc=\"Chaussez vos baskets, suivez le guide et..jouez ! Les Balades urbaines artistiques de Little Beaux-Arts vous invitent \u00e0 d\u00e9couvrir des oeuvres d&#039;art sous forme d&#039;un jeu de piste.\" data-attachment-id=\"3137\" data-type=\"image\" class=\"fg-thumb\"><span class=\"fg-image-wrap\"><img decoding=\"async\" title=\"Visite scolaire &quot;Par ici, les Graffitis&quot;, Place des Tapis, Lyon \u00a9Little Beaux-Arts\" width=\"150\" height=\"150\" class=\"skip-lazy fg-image\" data-src-fg=\"https:\/\/littlebeauxarts.fr\/wp-content\/uploads\/cache\/IMG_8640-scaled\/2545018038.jpg\" src=\"data:image\/svg+xml,%3Csvg%20xmlns%3D%22http%3A%2F%2Fwww.w3.org%2F2000%2Fsvg%22%20width%3D%22150%22%20height%3D%22150%22%20viewBox%3D%220%200%20150%20150%22%3E%3C%2Fsvg%3E\" loading=\"eager\"><\/span><span class=\"fg-image-overlay\"><\/span><\/a><figcaption class=\"fg-caption\"><div class=\"fg-caption-inner\"><div class=\"fg-caption-title\">Visite scolaire &#8220;Par ici, les Graffitis&#8221;, Place des Tapis, Lyon \u00a9Little Beaux-Arts<\/div><div class=\"fg-caption-desc\">Chaussez vos baskets, suivez le guide et..jouez ! Les Balades urbaines artistiques de Little Beaux-Arts vous invitent \u00e0 d\u00e9couvrir des oeuvres d&#8217;art sous forme d&#8217;un jeu de piste.<\/div><\/div><\/figcaption><\/figure><div class=\"fg-loader\"><\/div><\/div><div class=\"fg-item fg-type-image fg-idle\"><figure class=\"fg-item-inner\"><a href=\"https:\/\/littlebeauxarts.fr\/wp-content\/uploads\/IMG_0516-scaled-e1750596847755.jpg\" data-caption-title=\"Oeuvres de Brusk, Jalb, Invadert\" data-caption-desc=\"Chaussez vos baskets, suivez le guide et..jouez ! Les Balades urbaines artistiques de Little Beaux-Arts vous invitent \u00e0 d\u00e9couvrir des oeuvres d&#039;art sous forme d&#039;un jeu de piste.\" data-attachment-id=\"3488\" data-type=\"image\" class=\"fg-thumb\"><span class=\"fg-image-wrap\"><img decoding=\"async\" title=\"Oeuvres de Brusk, Jalb, Invadert\" width=\"150\" height=\"150\" class=\"skip-lazy fg-image\" data-src-fg=\"https:\/\/littlebeauxarts.fr\/wp-content\/uploads\/cache\/IMG_0516-scaled-e1750596847755\/3221511148.jpg\" src=\"data:image\/svg+xml,%3Csvg%20xmlns%3D%22http%3A%2F%2Fwww.w3.org%2F2000%2Fsvg%22%20width%3D%22150%22%20height%3D%22150%22%20viewBox%3D%220%200%20150%20150%22%3E%3C%2Fsvg%3E\" loading=\"eager\"><\/span><span class=\"fg-image-overlay\"><\/span><\/a><figcaption class=\"fg-caption\"><div class=\"fg-caption-inner\"><div class=\"fg-caption-title\">Oeuvres de Brusk, Jalb, Invadert<\/div><div class=\"fg-caption-desc\">Chaussez vos baskets, suivez le guide et..jouez ! Les Balades urbaines artistiques de Little Beaux-Arts vous invitent \u00e0 d\u00e9couvrir des oeuvres d&#8217;art sous forme d&#8217;un jeu de piste.<\/div><\/div><\/figcaption><\/figure><div class=\"fg-loader\"><\/div><\/div><div class=\"fg-item fg-type-image fg-idle\"><figure class=\"fg-item-inner\"><a href=\"https:\/\/littlebeauxarts.fr\/wp-content\/uploads\/Resized_20250410_151653-e1746465190272.jpg\" data-attachment-id=\"3485\" data-type=\"image\" class=\"fg-thumb\"><span class=\"fg-image-wrap\"><img decoding=\"async\" width=\"150\" height=\"150\" class=\"skip-lazy fg-image\" data-src-fg=\"https:\/\/littlebeauxarts.fr\/wp-content\/uploads\/cache\/Resized_20250410_151653-e1746465190272\/3565586188.jpg\" src=\"data:image\/svg+xml,%3Csvg%20xmlns%3D%22http%3A%2F%2Fwww.w3.org%2F2000%2Fsvg%22%20width%3D%22150%22%20height%3D%22150%22%20viewBox%3D%220%200%20150%20150%22%3E%3C%2Fsvg%3E\" loading=\"eager\"><\/span><span class=\"fg-image-overlay\"><\/span><\/a><\/figure><div class=\"fg-loader\"><\/div><\/div><\/div>\n","protected":false},"excerpt":{"rendered":"<p>&#8220;PAR ICI LES GRAFFITIS !&#8221; Partez \u00e0 la chasse aux \u0153uvres de street art dans les pentes de la Croix Rousse, un v\u00e9ritable mus\u00e9e \u00e0 ciel ouvert&nbsp;! En cherchant les indices de votre guide, vous vous arr\u00eaterez&nbsp;sur une dizaine d\u2019oeuvres, po\u00e9tiques, dr\u00f4les ou engag\u00e9es. Les oeuvres qui colorent nos rues&nbsp;permettent de d\u00e9couvrir l\u2019univers d\u2019artistes \u00e0 la cr\u00e9ativit\u00e9 folle et aux techniques vari\u00e9es : fresque, peintures, sculptures, collages, mosa\u00efques&#8230;&nbsp;&nbsp; D\u00e9part : Place des Tapis (Lyon 4), Metro Croix Rousse La balade se termine en bas des pentes de la Croix Rousse (M\u00b0 Croix Paquet ou H\u00f4tel de Ville) Dur\u00e9e&nbsp;: 1h \u00e0 1h30 Dates&nbsp;: tous les jours en fonction des disponibilit\u00e9s.&nbsp; Des escaliers sont utilis\u00e9s lors du parcours, rendant ce circuit peu accessible aux fauteuils roulants. Si un enfant est en fauteuil dans le groupe, nous informer svp afin que nous pr\u00e9voyons des modifications dans le parcours. Retour aux balades<\/p>\n","protected":false},"author":1,"featured_media":0,"parent":2872,"menu_order":2,"comment_status":"closed","ping_status":"closed","template":"","meta":{"footnotes":""},"class_list":["post-2931","page","type-page","status-publish","hentry"],"yoast_head":"<!-- This site is optimized with the Yoast SEO plugin v27.6 - https:\/\/yoast.com\/product\/yoast-seo-wordpress\/ -->\n<title>Balade Street Art - LITTLE BEAUX ARTS<\/title>\n<meta name=\"robots\" content=\"index, follow, max-snippet:-1, max-image-preview:large, max-video-preview:-1\" \/>\n<link rel=\"canonical\" href=\"http:\/\/littlebeauxarts.fr\/?page_id=2931\" \/>\n<meta property=\"og:locale\" content=\"fr_FR\" \/>\n<meta property=\"og:type\" content=\"article\" \/>\n<meta property=\"og:title\" content=\"Balade Street Art - LITTLE BEAUX ARTS\" \/>\n<meta property=\"og:description\" content=\"&#8220;PAR ICI LES GRAFFITIS !&#8221; Partez \u00e0 la chasse aux \u0153uvres de street art dans les pentes de la Croix Rousse, un v\u00e9ritable mus\u00e9e \u00e0 ciel ouvert&nbsp;! En cherchant les indices de votre guide, vous vous arr\u00eaterez&nbsp;sur une dizaine d\u2019oeuvres, po\u00e9tiques, dr\u00f4les ou engag\u00e9es. Les oeuvres qui colorent nos rues&nbsp;permettent de d\u00e9couvrir l\u2019univers d\u2019artistes \u00e0 la cr\u00e9ativit\u00e9 folle et aux techniques vari\u00e9es : fresque, peintures, sculptures, collages, mosa\u00efques&#8230;&nbsp;&nbsp; D\u00e9part : Place des Tapis (Lyon 4), Metro Croix Rousse La balade se termine en bas des pentes de la Croix Rousse (M\u00b0 Croix Paquet ou H\u00f4tel de Ville) Dur\u00e9e&nbsp;: 1h \u00e0 1h30 Dates&nbsp;: tous les jours en fonction des disponibilit\u00e9s.&nbsp; Des escaliers sont utilis\u00e9s lors du parcours, rendant ce circuit peu accessible aux fauteuils roulants. Si un enfant est en fauteuil dans le groupe, nous informer svp afin que nous pr\u00e9voyons des modifications dans le parcours. Retour aux balades\" \/>\n<meta property=\"og:url\" content=\"http:\/\/littlebeauxarts.fr\/?page_id=2931\" \/>\n<meta property=\"og:site_name\" content=\"LITTLE BEAUX ARTS\" \/>\n<meta property=\"article:publisher\" content=\"https:\/\/www.facebook.com\/littlebeauxarts\/\" \/>\n<meta property=\"article:modified_time\" content=\"2025-06-27T09:58:27+00:00\" \/>\n<meta property=\"og:image\" content=\"http:\/\/littlebeauxarts.fr\/wp-content\/uploads\/IMG_0977-scaled-e1750596470740-1024x1024.jpg\" \/>\n<meta name=\"twitter:card\" content=\"summary_large_image\" \/>\n<meta name=\"twitter:label1\" content=\"Dur\u00e9e de lecture estim\u00e9e\" \/>\n\t<meta name=\"twitter:data1\" content=\"2 minutes\" \/>\n<script type=\"application\/ld+json\" class=\"yoast-schema-graph\">{\"@context\":\"https:\\\/\\\/schema.org\",\"@graph\":[{\"@type\":\"WebPage\",\"@id\":\"http:\\\/\\\/littlebeauxarts.fr\\\/?page_id=2931\",\"url\":\"http:\\\/\\\/littlebeauxarts.fr\\\/?page_id=2931\",\"name\":\"Balade Street Art - LITTLE BEAUX ARTS\",\"isPartOf\":{\"@id\":\"https:\\\/\\\/littlebeauxarts.fr\\\/#website\"},\"primaryImageOfPage\":{\"@id\":\"http:\\\/\\\/littlebeauxarts.fr\\\/?page_id=2931#primaryimage\"},\"image\":{\"@id\":\"http:\\\/\\\/littlebeauxarts.fr\\\/?page_id=2931#primaryimage\"},\"thumbnailUrl\":\"http:\\\/\\\/littlebeauxarts.fr\\\/wp-content\\\/uploads\\\/IMG_0977-scaled-e1750596470740-1024x1024.jpg\",\"datePublished\":\"2022-02-08T17:09:28+00:00\",\"dateModified\":\"2025-06-27T09:58:27+00:00\",\"breadcrumb\":{\"@id\":\"http:\\\/\\\/littlebeauxarts.fr\\\/?page_id=2931#breadcrumb\"},\"inLanguage\":\"fr-FR\",\"potentialAction\":[{\"@type\":\"ReadAction\",\"target\":[\"http:\\\/\\\/littlebeauxarts.fr\\\/?page_id=2931\"]}]},{\"@type\":\"ImageObject\",\"inLanguage\":\"fr-FR\",\"@id\":\"http:\\\/\\\/littlebeauxarts.fr\\\/?page_id=2931#primaryimage\",\"url\":\"https:\\\/\\\/littlebeauxarts.fr\\\/wp-content\\\/uploads\\\/IMG_0977-scaled-e1750596470740.jpg\",\"contentUrl\":\"https:\\\/\\\/littlebeauxarts.fr\\\/wp-content\\\/uploads\\\/IMG_0977-scaled-e1750596470740.jpg\",\"width\":1920,\"height\":1920,\"caption\":\"Oeuvres de Britt et Jalb\"},{\"@type\":\"BreadcrumbList\",\"@id\":\"http:\\\/\\\/littlebeauxarts.fr\\\/?page_id=2931#breadcrumb\",\"itemListElement\":[{\"@type\":\"ListItem\",\"position\":1,\"name\":\"Accueil\",\"item\":\"https:\\\/\\\/littlebeauxarts.fr\\\/\"},{\"@type\":\"ListItem\",\"position\":2,\"name\":\"Balades artistiques\",\"item\":\"https:\\\/\\\/littlebeauxarts.fr\\\/?page_id=2872\"},{\"@type\":\"ListItem\",\"position\":3,\"name\":\"Balade Street Art\"}]},{\"@type\":\"WebSite\",\"@id\":\"https:\\\/\\\/littlebeauxarts.fr\\\/#website\",\"url\":\"https:\\\/\\\/littlebeauxarts.fr\\\/\",\"name\":\"LITTLE BEAUX ARTS\",\"description\":\"D\u00e9couvrir l\u2019art et le monde des mus\u00e9es en s\u2019amusant et en cr\u00e9ant \u00e0 tous les \u00e2ges\",\"publisher\":{\"@id\":\"https:\\\/\\\/littlebeauxarts.fr\\\/#organization\"},\"potentialAction\":[{\"@type\":\"SearchAction\",\"target\":{\"@type\":\"EntryPoint\",\"urlTemplate\":\"https:\\\/\\\/littlebeauxarts.fr\\\/?s={search_term_string}\"},\"query-input\":{\"@type\":\"PropertyValueSpecification\",\"valueRequired\":true,\"valueName\":\"search_term_string\"}}],\"inLanguage\":\"fr-FR\"},{\"@type\":\"Organization\",\"@id\":\"https:\\\/\\\/littlebeauxarts.fr\\\/#organization\",\"name\":\"Little Beaux-Arts\",\"url\":\"https:\\\/\\\/littlebeauxarts.fr\\\/\",\"logo\":{\"@type\":\"ImageObject\",\"inLanguage\":\"fr-FR\",\"@id\":\"https:\\\/\\\/littlebeauxarts.fr\\\/#\\\/schema\\\/logo\\\/image\\\/\",\"url\":\"\",\"contentUrl\":\"\",\"caption\":\"Little Beaux-Arts\"},\"image\":{\"@id\":\"https:\\\/\\\/littlebeauxarts.fr\\\/#\\\/schema\\\/logo\\\/image\\\/\"},\"sameAs\":[\"https:\\\/\\\/www.facebook.com\\\/littlebeauxarts\\\/\",\"https:\\\/\\\/www.instagram.com\\\/littlebeauxarts\\\/\"]}]}<\/script>\n<!-- \/ Yoast SEO plugin. -->","yoast_head_json":{"title":"Balade Street Art - LITTLE BEAUX ARTS","robots":{"index":"index","follow":"follow","max-snippet":"max-snippet:-1","max-image-preview":"max-image-preview:large","max-video-preview":"max-video-preview:-1"},"canonical":"http:\/\/littlebeauxarts.fr\/?page_id=2931","og_locale":"fr_FR","og_type":"article","og_title":"Balade Street Art - LITTLE BEAUX ARTS","og_description":"&#8220;PAR ICI LES GRAFFITIS !&#8221; Partez \u00e0 la chasse aux \u0153uvres de street art dans les pentes de la Croix Rousse, un v\u00e9ritable mus\u00e9e \u00e0 ciel ouvert&nbsp;! En cherchant les indices de votre guide, vous vous arr\u00eaterez&nbsp;sur une dizaine d\u2019oeuvres, po\u00e9tiques, dr\u00f4les ou engag\u00e9es. Les oeuvres qui colorent nos rues&nbsp;permettent de d\u00e9couvrir l\u2019univers d\u2019artistes \u00e0 la cr\u00e9ativit\u00e9 folle et aux techniques vari\u00e9es : fresque, peintures, sculptures, collages, mosa\u00efques&#8230;&nbsp;&nbsp; D\u00e9part : Place des Tapis (Lyon 4), Metro Croix Rousse La balade se termine en bas des pentes de la Croix Rousse (M\u00b0 Croix Paquet ou H\u00f4tel de Ville) Dur\u00e9e&nbsp;: 1h \u00e0 1h30 Dates&nbsp;: tous les jours en fonction des disponibilit\u00e9s.&nbsp; Des escaliers sont utilis\u00e9s lors du parcours, rendant ce circuit peu accessible aux fauteuils roulants. Si un enfant est en fauteuil dans le groupe, nous informer svp afin que nous pr\u00e9voyons des modifications dans le parcours. Retour aux balades","og_url":"http:\/\/littlebeauxarts.fr\/?page_id=2931","og_site_name":"LITTLE BEAUX ARTS","article_publisher":"https:\/\/www.facebook.com\/littlebeauxarts\/","article_modified_time":"2025-06-27T09:58:27+00:00","og_image":[{"url":"http:\/\/littlebeauxarts.fr\/wp-content\/uploads\/IMG_0977-scaled-e1750596470740-1024x1024.jpg","type":"","width":"","height":""}],"twitter_card":"summary_large_image","twitter_misc":{"Dur\u00e9e de lecture estim\u00e9e":"2 minutes"},"schema":{"@context":"https:\/\/schema.org","@graph":[{"@type":"WebPage","@id":"http:\/\/littlebeauxarts.fr\/?page_id=2931","url":"http:\/\/littlebeauxarts.fr\/?page_id=2931","name":"Balade Street Art - LITTLE BEAUX ARTS","isPartOf":{"@id":"https:\/\/littlebeauxarts.fr\/#website"},"primaryImageOfPage":{"@id":"http:\/\/littlebeauxarts.fr\/?page_id=2931#primaryimage"},"image":{"@id":"http:\/\/littlebeauxarts.fr\/?page_id=2931#primaryimage"},"thumbnailUrl":"http:\/\/littlebeauxarts.fr\/wp-content\/uploads\/IMG_0977-scaled-e1750596470740-1024x1024.jpg","datePublished":"2022-02-08T17:09:28+00:00","dateModified":"2025-06-27T09:58:27+00:00","breadcrumb":{"@id":"http:\/\/littlebeauxarts.fr\/?page_id=2931#breadcrumb"},"inLanguage":"fr-FR","potentialAction":[{"@type":"ReadAction","target":["http:\/\/littlebeauxarts.fr\/?page_id=2931"]}]},{"@type":"ImageObject","inLanguage":"fr-FR","@id":"http:\/\/littlebeauxarts.fr\/?page_id=2931#primaryimage","url":"https:\/\/littlebeauxarts.fr\/wp-content\/uploads\/IMG_0977-scaled-e1750596470740.jpg","contentUrl":"https:\/\/littlebeauxarts.fr\/wp-content\/uploads\/IMG_0977-scaled-e1750596470740.jpg","width":1920,"height":1920,"caption":"Oeuvres de Britt et Jalb"},{"@type":"BreadcrumbList","@id":"http:\/\/littlebeauxarts.fr\/?page_id=2931#breadcrumb","itemListElement":[{"@type":"ListItem","position":1,"name":"Accueil","item":"https:\/\/littlebeauxarts.fr\/"},{"@type":"ListItem","position":2,"name":"Balades artistiques","item":"https:\/\/littlebeauxarts.fr\/?page_id=2872"},{"@type":"ListItem","position":3,"name":"Balade Street Art"}]},{"@type":"WebSite","@id":"https:\/\/littlebeauxarts.fr\/#website","url":"https:\/\/littlebeauxarts.fr\/","name":"LITTLE BEAUX ARTS","description":"D\u00e9couvrir l\u2019art et le monde des mus\u00e9es en s\u2019amusant et en cr\u00e9ant \u00e0 tous les \u00e2ges","publisher":{"@id":"https:\/\/littlebeauxarts.fr\/#organization"},"potentialAction":[{"@type":"SearchAction","target":{"@type":"EntryPoint","urlTemplate":"https:\/\/littlebeauxarts.fr\/?s={search_term_string}"},"query-input":{"@type":"PropertyValueSpecification","valueRequired":true,"valueName":"search_term_string"}}],"inLanguage":"fr-FR"},{"@type":"Organization","@id":"https:\/\/littlebeauxarts.fr\/#organization","name":"Little Beaux-Arts","url":"https:\/\/littlebeauxarts.fr\/","logo":{"@type":"ImageObject","inLanguage":"fr-FR","@id":"https:\/\/littlebeauxarts.fr\/#\/schema\/logo\/image\/","url":"","contentUrl":"","caption":"Little Beaux-Arts"},"image":{"@id":"https:\/\/littlebeauxarts.fr\/#\/schema\/logo\/image\/"},"sameAs":["https:\/\/www.facebook.com\/littlebeauxarts\/","https:\/\/www.instagram.com\/littlebeauxarts\/"]}]}},"_links":{"self":[{"href":"https:\/\/littlebeauxarts.fr\/index.php?rest_route=\/wp\/v2\/pages\/2931","targetHints":{"allow":["GET"]}}],"collection":[{"href":"https:\/\/littlebeauxarts.fr\/index.php?rest_route=\/wp\/v2\/pages"}],"about":[{"href":"https:\/\/littlebeauxarts.fr\/index.php?rest_route=\/wp\/v2\/types\/page"}],"author":[{"embeddable":true,"href":"https:\/\/littlebeauxarts.fr\/index.php?rest_route=\/wp\/v2\/users\/1"}],"replies":[{"embeddable":true,"href":"https:\/\/littlebeauxarts.fr\/index.php?rest_route=%2Fwp%2Fv2%2Fcomments&post=2931"}],"version-history":[{"count":27,"href":"https:\/\/littlebeauxarts.fr\/index.php?rest_route=\/wp\/v2\/pages\/2931\/revisions"}],"predecessor-version":[{"id":3497,"href":"https:\/\/littlebeauxarts.fr\/index.php?rest_route=\/wp\/v2\/pages\/2931\/revisions\/3497"}],"up":[{"embeddable":true,"href":"https:\/\/littlebeauxarts.fr\/index.php?rest_route=\/wp\/v2\/pages\/2872"}],"wp:attachment":[{"href":"https:\/\/littlebeauxarts.fr\/index.php?rest_route=%2Fwp%2Fv2%2Fmedia&parent=2931"}],"curies":[{"name":"wp","href":"https:\/\/api.w.org\/{rel}","templated":true}]}}